{"id":18842,"date":"2021-02-26T11:22:31","date_gmt":"2021-02-26T10:22:31","guid":{"rendered":"http:\/\/vigo-avocats.com\/all-news\/"},"modified":"2021-03-01T13:03:57","modified_gmt":"2021-03-01T12:03:57","slug":"all-news","status":"publish","type":"page","link":"https:\/\/vigo-avocats.com\/en\/all-news\/","title":{"rendered":"All news"},"content":{"rendered":"\t\t<div data-elementor-type=\"wp-page\" data-elementor-id=\"18842\" class=\"elementor elementor-18842 elementor-16686\" data-elementor-post-type=\"page\">\n\t\t\t\t\t\t<section class=\"elementor-section elementor-top-section elementor-element elementor-element-67b4246 elementor-section-boxed elementor-section-height-default elementor-section-height-default qodef-elementor-content-no\" data-id=\"67b4246\" data-element_type=\"section\">\n\t\t\t\t\t\t<div class=\"elementor-container elementor-column-gap-default\">\n\t\t\t\t\t<div class=\"elementor-column elementor-col-100 elementor-top-column elementor-element elementor-element-fd1da28\" data-id=\"fd1da28\" data-element_type=\"column\">\n\t\t\t<div class=\"elementor-widget-wrap elementor-element-populated\">\n\t\t\t\t\t\t<div class=\"elementor-element elementor-element-4f7a0f7 elementor-grid-2 elementor-grid-tablet-2 elementor-grid-mobile-1 elementor-posts--thumbnail-top elementor-widget elementor-widget-posts\" data-id=\"4f7a0f7\" data-element_type=\"widget\" data-settings=\"{&quot;pagination_type&quot;:&quot;numbers_and_prev_next&quot;,&quot;skin_classic_alt_columns&quot;:&quot;2&quot;,&quot;skin_classic_alt_row_gap&quot;:{&quot;unit&quot;:&quot;px&quot;,&quot;size&quot;:60,&quot;sizes&quot;:[]},&quot;skin_classic_alt_columns_tablet&quot;:&quot;2&quot;,&quot;skin_classic_alt_columns_mobile&quot;:&quot;1&quot;,&quot;skin_classic_alt_row_gap_tablet&quot;:{&quot;unit&quot;:&quot;px&quot;,&quot;size&quot;:&quot;&quot;,&quot;sizes&quot;:[]},&quot;skin_classic_alt_row_gap_mobile&quot;:{&quot;unit&quot;:&quot;px&quot;,&quot;size&quot;:&quot;&quot;,&quot;sizes&quot;:[]}}\" data-widget_type=\"posts.skin-classic-alt\">\n\t\t\t\t<div class=\"elementor-widget-container\">\n\t\t\t\t\t\t\t<div class=\"elementor-posts-container elementor-posts elementor-posts--skin-skin-classic-alt elementor-grid\" role=\"list\">\n\t\t\t\t<article class=\"elementor-post elementor-grid-item post-42404 legal-news type-legal-news status-publish hentry\" role=\"listitem\">\n\t\t\t\t<div class=\"elementor-post__text\">\n\t\t\t\t\n\t\t\t\t\t<div class=\"elementor-post__meta-data\">\n\t\t\t\t<span class=\"elementor-post-type\">Nos publications<\/span>\n\t\t\t<\/div>\n\t\t\n\t\t<h2 class=\"elementor-post__title\">\n\t\t\t<a href=\"https:\/\/vigo-avocats.com\/en\/legal-news\/islam-hamdoune-publie-dans-dalloz-actualite-une-reflexion-sur-le-lobbying-vs-le-trafic-dinfluence\/\" >\n\t\t\t\tIslam Hamdoune publie dans Dalloz Actualit\u00e9 une r\u00e9flexion sur le lobbying vs le trafic d\u2019influence\t\t\t<\/a>\n\t\t<\/h2>\n\t\t\t\t<div class=\"elementor-post__meta-data\">\n\t\t\t\t\t<span class=\"elementor-post-date\">\n\t\t\t15 April 2026\t\t<\/span>\n\t\t\t\t<\/div>\n\t\t\t\t<div class=\"elementor-post__excerpt\">\n\t\t\t<p>Islam Hamdoune, Avocate du cabinet VIGO, partage une r\u00e9flexion \u00e9clairante sur les zones grises entre l\u2019activit\u00e9 l\u00e9gitime d\u2019influence et la qualification p\u00e9nale, au c\u0153ur des<\/p>\n\t\t<\/div>\n\t\t\n\t\t<a class=\"elementor-post__read-more\" href=\"https:\/\/vigo-avocats.com\/en\/legal-news\/islam-hamdoune-publie-dans-dalloz-actualite-une-reflexion-sur-le-lobbying-vs-le-trafic-dinfluence\/\" aria-label=\"Read more about Islam Hamdoune publie dans Dalloz Actualit\u00e9 une r\u00e9flexion sur le lobbying vs le trafic d\u2019influence\" tabindex=\"-1\" >\n\t\t\tLire la suite\t\t<\/a>\n\n\t\t\t\t<\/div>\n\t\t\t\t<\/article>\n\t\t\t\t<article class=\"elementor-post elementor-grid-item post-42375 post type-post status-publish format-standard hentry\" role=\"listitem\">\n\t\t\t\t<div class=\"elementor-post__text\">\n\t\t\t\t\n\t\t\t\t\t<div class=\"elementor-post__meta-data\">\n\t\t\t\t<span class=\"elementor-post-type\">Posts<\/span>\n\t\t\t<\/div>\n\t\t\n\t\t<h2 class=\"elementor-post__title\">\n\t\t\t<a href=\"https:\/\/vigo-avocats.com\/en\/le-cabinet-vigo-obtient-un-trophee-dor-et-deux-trophees-dargent-au-palmares-des-avocats-2026-du-magazine-le-monde-du-droit\/\" >\n\t\t\t\tLe cabinet VIGO obtient un troph\u00e9e d&#8217;or et deux troph\u00e9es d&#8217;argent au Palmar\u00e8s des avocats 2026 du magazine Le Monde du Droit\t\t\t<\/a>\n\t\t<\/h2>\n\t\t\t\t<div class=\"elementor-post__meta-data\">\n\t\t\t\t\t<span class=\"elementor-post-date\">\n\t\t\t13 April 2026\t\t<\/span>\n\t\t\t\t<\/div>\n\t\t\t\t<div class=\"elementor-post__excerpt\">\n\t\t\t<p>Le cabinet Vigo est tr\u00e8s honor\u00e9s d\u2019avoir \u00e9t\u00e9 distingu\u00e9 par Le Monde du Droit lors du Palmar\u00e8s du Droit 2026, dans les cat\u00e9gories suivantes\u00a0: Droit<\/p>\n\t\t<\/div>\n\t\t\n\t\t<a class=\"elementor-post__read-more\" href=\"https:\/\/vigo-avocats.com\/en\/le-cabinet-vigo-obtient-un-trophee-dor-et-deux-trophees-dargent-au-palmares-des-avocats-2026-du-magazine-le-monde-du-droit\/\" aria-label=\"Read more about Le cabinet VIGO obtient un troph\u00e9e d&#8217;or et deux troph\u00e9es d&#8217;argent au Palmar\u00e8s des avocats 2026 du magazine Le Monde du Droit\" tabindex=\"-1\" >\n\t\t\tLire la suite\t\t<\/a>\n\n\t\t\t\t<\/div>\n\t\t\t\t<\/article>\n\t\t\t\t<article class=\"elementor-post elementor-grid-item post-42371 post type-post status-publish format-standard hentry\" role=\"listitem\">\n\t\t\t\t<div class=\"elementor-post__text\">\n\t\t\t\t\n\t\t\t\t\t<div class=\"elementor-post__meta-data\">\n\t\t\t\t<span class=\"elementor-post-type\">Posts<\/span>\n\t\t\t<\/div>\n\t\t\n\t\t<h2 class=\"elementor-post__title\">\n\t\t\t<a href=\"https:\/\/vigo-avocats.com\/en\/legal-500-recommande-le-cabinet-vigo-en-droit-penal-des-affaires-en-band-3-et-compliance-en-band-4\/\" >\n\t\t\t\tLegal 500 recommande le cabinet Vigo en droit p\u00e9nal des affaires en Band 3 et compliance en Band 4\t\t\t<\/a>\n\t\t<\/h2>\n\t\t\t\t<div class=\"elementor-post__meta-data\">\n\t\t\t\t\t<span class=\"elementor-post-date\">\n\t\t\t13 April 2026\t\t<\/span>\n\t\t\t\t<\/div>\n\t\t\t\t<div class=\"elementor-post__excerpt\">\n\t\t\t<p>Le cabinet Vigo est tr\u00e8s honor\u00e9 de figurer au classement Legal 500 avec une distinction en Band 3 en droit p\u00e9nal des affaires et en<\/p>\n\t\t<\/div>\n\t\t\n\t\t<a class=\"elementor-post__read-more\" href=\"https:\/\/vigo-avocats.com\/en\/legal-500-recommande-le-cabinet-vigo-en-droit-penal-des-affaires-en-band-3-et-compliance-en-band-4\/\" aria-label=\"Read more about Legal 500 recommande le cabinet Vigo en droit p\u00e9nal des affaires en Band 3 et compliance en Band 4\" tabindex=\"-1\" >\n\t\t\tLire la suite\t\t<\/a>\n\n\t\t\t\t<\/div>\n\t\t\t\t<\/article>\n\t\t\t\t<article class=\"elementor-post elementor-grid-item post-42205 legal-news type-legal-news status-publish hentry\" role=\"listitem\">\n\t\t\t\t<div class=\"elementor-post__text\">\n\t\t\t\t\n\t\t\t\t\t<div class=\"elementor-post__meta-data\">\n\t\t\t\t<span class=\"elementor-post-type\">Nos publications<\/span>\n\t\t\t<\/div>\n\t\t\n\t\t<h2 class=\"elementor-post__title\">\n\t\t\t<a href=\"https:\/\/vigo-avocats.com\/en\/legal-news\/dalia-boudjellal-et-emmanuel-daoud-publient-dans-la-semaine-sociale-lamy-une-analyse-du-cadre-juridique-de-la-rse-entre-normes-internes-droit-positif-et-standards-internationaux\/\" >\n\t\t\t\tDalia Boudjellal et Emmanuel Daoud publient dans la Semaine sociale Lamy une analyse du cadre juridique de la RSE, entre normes internes, droit positif et standards internationaux\t\t\t<\/a>\n\t\t<\/h2>\n\t\t\t\t<div class=\"elementor-post__meta-data\">\n\t\t\t\t\t<span class=\"elementor-post-date\">\n\t\t\t19 March 2026\t\t<\/span>\n\t\t\t\t<\/div>\n\t\t\t\t<div class=\"elementor-post__excerpt\">\n\t\t\t<p>Emmanuel Daoud et Dalia Boudjellal publient dans la Semaine sociale Lamy (n\u00b0 2175) une analyse consacr\u00e9e aux transformations contemporaines du droit de la responsabilit\u00e9 soci\u00e9tale<\/p>\n\t\t<\/div>\n\t\t\n\t\t<a class=\"elementor-post__read-more\" href=\"https:\/\/vigo-avocats.com\/en\/legal-news\/dalia-boudjellal-et-emmanuel-daoud-publient-dans-la-semaine-sociale-lamy-une-analyse-du-cadre-juridique-de-la-rse-entre-normes-internes-droit-positif-et-standards-internationaux\/\" aria-label=\"Read more about Dalia Boudjellal et Emmanuel Daoud publient dans la Semaine sociale Lamy une analyse du cadre juridique de la RSE, entre normes internes, droit positif et standards internationaux\" tabindex=\"-1\" >\n\t\t\tLire la suite\t\t<\/a>\n\n\t\t\t\t<\/div>\n\t\t\t\t<\/article>\n\t\t\t\t<article class=\"elementor-post elementor-grid-item post-41701 post type-post status-publish format-standard hentry\" role=\"listitem\">\n\t\t\t\t<div class=\"elementor-post__text\">\n\t\t\t\t\n\t\t\t\t\t<div class=\"elementor-post__meta-data\">\n\t\t\t\t<span class=\"elementor-post-type\">Posts<\/span>\n\t\t\t<\/div>\n\t\t\n\t\t<h2 class=\"elementor-post__title\">\n\t\t\t<a href=\"https:\/\/vigo-avocats.com\/en\/emmanuel-daoud-recommande-band-2-par-chambers-partners-dans-son-classement-2026\/\" >\n\t\t\t\tEmmanuel Daoud recommand\u00e9 Band 2 par Chambers &#038; Partners dans son classement 2026\t\t\t<\/a>\n\t\t<\/h2>\n\t\t\t\t<div class=\"elementor-post__meta-data\">\n\t\t\t\t\t<span class=\"elementor-post-date\">\n\t\t\t10 February 2026\t\t<\/span>\n\t\t\t\t<\/div>\n\t\t\t\t<div class=\"elementor-post__excerpt\">\n\t\t\t<p>Chambers &amp; Partners recommande Emmanuel Daoud en white collard crime dans son classement 2026. Emmanuel Daoud est largement reconnu pour son expertise consid\u00e9rable dans le<\/p>\n\t\t<\/div>\n\t\t\n\t\t<a class=\"elementor-post__read-more\" href=\"https:\/\/vigo-avocats.com\/en\/emmanuel-daoud-recommande-band-2-par-chambers-partners-dans-son-classement-2026\/\" aria-label=\"Read more about Emmanuel Daoud recommand\u00e9 Band 2 par Chambers &#038; Partners dans son classement 2026\" tabindex=\"-1\" >\n\t\t\tLire la suite\t\t<\/a>\n\n\t\t\t\t<\/div>\n\t\t\t\t<\/article>\n\t\t\t\t<article class=\"elementor-post elementor-grid-item post-41623 post type-post status-publish format-standard hentry\" role=\"listitem\">\n\t\t\t\t<div class=\"elementor-post__text\">\n\t\t\t\t\n\t\t\t\t\t<div class=\"elementor-post__meta-data\">\n\t\t\t\t<span class=\"elementor-post-type\">Posts<\/span>\n\t\t\t<\/div>\n\t\t\n\t\t<h2 class=\"elementor-post__title\">\n\t\t\t<a href=\"https:\/\/vigo-avocats.com\/en\/le-cabinet-vigo-recommande-band-3-par-chambers-partners-dans-son-classement-2026\/\" >\n\t\t\t\tLe cabinet Vigo recommand\u00e9 Band 3 par Chambers &#038; Partners dans son classement 2026\t\t\t<\/a>\n\t\t<\/h2>\n\t\t\t\t<div class=\"elementor-post__meta-data\">\n\t\t\t\t\t<span class=\"elementor-post-date\">\n\t\t\t10 February 2026\t\t<\/span>\n\t\t\t\t<\/div>\n\t\t\t\t<div class=\"elementor-post__excerpt\">\n\t\t\t<p>Chambers &amp; Partners recommande le cabinet Vigo dans la cat\u00e9gorie White-collar crime dans son classement 2026. VIGO Cabinet d&#8217;avocats est r\u00e9put\u00e9 pour sa pratique en<\/p>\n\t\t<\/div>\n\t\t\n\t\t<a class=\"elementor-post__read-more\" href=\"https:\/\/vigo-avocats.com\/en\/le-cabinet-vigo-recommande-band-3-par-chambers-partners-dans-son-classement-2026\/\" aria-label=\"Read more about Le cabinet Vigo recommand\u00e9 Band 3 par Chambers &#038; Partners dans son classement 2026\" tabindex=\"-1\" >\n\t\t\tLire la suite\t\t<\/a>\n\n\t\t\t\t<\/div>\n\t\t\t\t<\/article>\n\t\t\t\t<article class=\"elementor-post elementor-grid-item post-41641 post type-post status-publish format-standard hentry category-actualites-du-cabinet\" role=\"listitem\">\n\t\t\t\t<div class=\"elementor-post__text\">\n\t\t\t\t\n\t\t\t\t\t<div class=\"elementor-post__meta-data\">\n\t\t\t\t<span class=\"elementor-post-type\">Posts<\/span>\n\t\t\t<\/div>\n\t\t\n\t\t<h2 class=\"elementor-post__title\">\n\t\t\t<a href=\"https:\/\/vigo-avocats.com\/en\/vigo-et-dastra-sassocient-dans-le-cadre-dun-partenariat\/\" >\n\t\t\t\tVigo et Dastra s&#8217;associent dans le cadre d&#8217;un partenariat\t\t\t<\/a>\n\t\t<\/h2>\n\t\t\t\t<div class=\"elementor-post__meta-data\">\n\t\t\t\t\t<span class=\"elementor-post-date\">\n\t\t\t10 February 2026\t\t<\/span>\n\t\t\t\t<\/div>\n\t\t\t\t<div class=\"elementor-post__excerpt\">\n\t\t\t<p>Le Cabinet Vigo a le plaisir d&#8217;annoncer la cr\u00e9ation d&#8217;un partenariat avec Dastra, \u00e9diteur d&#8217;un logiciel d\u00e9di\u00e9 \u00e0 la gestion de la conformit\u00e9 r\u00e8glementaire de<\/p>\n\t\t<\/div>\n\t\t\n\t\t<a class=\"elementor-post__read-more\" href=\"https:\/\/vigo-avocats.com\/en\/vigo-et-dastra-sassocient-dans-le-cadre-dun-partenariat\/\" aria-label=\"Read more about Vigo et Dastra s&#8217;associent dans le cadre d&#8217;un partenariat\" tabindex=\"-1\" >\n\t\t\tLire la suite\t\t<\/a>\n\n\t\t\t\t<\/div>\n\t\t\t\t<\/article>\n\t\t\t\t<article class=\"elementor-post elementor-grid-item post-41639 legal-news type-legal-news status-publish hentry categories_legal-news-protection-des-donnees-personnelles\" role=\"listitem\">\n\t\t\t\t<div class=\"elementor-post__text\">\n\t\t\t\t\n\t\t\t\t\t<div class=\"elementor-post__meta-data\">\n\t\t\t\t<span class=\"elementor-post-type\">Nos publications<\/span>\n\t\t\t<\/div>\n\t\t\n\t\t<h2 class=\"elementor-post__title\">\n\t\t\t<a href=\"https:\/\/vigo-avocats.com\/en\/legal-news\/semaine-sociale-lamy-du-9-fevrier-2026-jusquou-lemployeur-peut-il-aller-dans-levaluation-du-comportement-des-salaries-regards-croises-en-droit-social-et-protection-des\/\" >\n\t\t\t\tSemaine sociale Lamy du 9 f\u00e9vrier 2026 : &#8220;Jusqu\u2019o\u00f9 l\u2019employeur peut-il aller dans l\u2019\u00e9valuation du comportement des salari\u00e9s ? Regards crois\u00e9s en droit social et protection des donn\u00e9es \u00e0 caract\u00e8re personnel&#8221;\t\t\t<\/a>\n\t\t<\/h2>\n\t\t\t\t<div class=\"elementor-post__meta-data\">\n\t\t\t\t\t<span class=\"elementor-post-date\">\n\t\t\t10 February 2026\t\t<\/span>\n\t\t\t\t<\/div>\n\t\t\t\t<div class=\"elementor-post__excerpt\">\n\t\t\t<p>Emmanuel Daoud et Flora Brac de la Perriere publient un article dans la revue Semaine sociale Lamy n\u00b0 2171 du 9 f\u00e9vrier 2026, intitul\u00e9 &#8220;Jusqu\u2019o\u00f9<\/p>\n\t\t<\/div>\n\t\t\n\t\t<a class=\"elementor-post__read-more\" href=\"https:\/\/vigo-avocats.com\/en\/legal-news\/semaine-sociale-lamy-du-9-fevrier-2026-jusquou-lemployeur-peut-il-aller-dans-levaluation-du-comportement-des-salaries-regards-croises-en-droit-social-et-protection-des\/\" aria-label=\"Read more about Semaine sociale Lamy du 9 f\u00e9vrier 2026 : &#8220;Jusqu\u2019o\u00f9 l\u2019employeur peut-il aller dans l\u2019\u00e9valuation du comportement des salari\u00e9s ? Regards crois\u00e9s en droit social et protection des donn\u00e9es \u00e0 caract\u00e8re personnel&#8221;\" tabindex=\"-1\" >\n\t\t\tLire la suite\t\t<\/a>\n\n\t\t\t\t<\/div>\n\t\t\t\t<\/article>\n\t\t\t\t<article class=\"elementor-post elementor-grid-item post-41636 post type-post status-publish format-standard hentry category-actualites-du-cabinet\" role=\"listitem\">\n\t\t\t\t<div class=\"elementor-post__text\">\n\t\t\t\t\n\t\t\t\t\t<div class=\"elementor-post__meta-data\">\n\t\t\t\t<span class=\"elementor-post-type\">Posts<\/span>\n\t\t\t<\/div>\n\t\t\n\t\t<h2 class=\"elementor-post__title\">\n\t\t\t<a href=\"https:\/\/vigo-avocats.com\/en\/partenariat-vigo-x-dastra\/\" >\n\t\t\t\tPartenariat Vigo x Dastra\t\t\t<\/a>\n\t\t<\/h2>\n\t\t\t\t<div class=\"elementor-post__meta-data\">\n\t\t\t\t\t<span class=\"elementor-post-date\">\n\t\t\t10 February 2026\t\t<\/span>\n\t\t\t\t<\/div>\n\t\t\t\t<div class=\"elementor-post__excerpt\">\n\t\t\t<p>Le Cabinet Vigo partage d\u00e9sormais chaque mois des conseils juridiques pour aider les organisations \u00e0 g\u00e9rer les situations sensibles li\u00e9es \u00e0 l\u2019usage de l\u2019intelligence artificielle<\/p>\n\t\t<\/div>\n\t\t\n\t\t<a class=\"elementor-post__read-more\" href=\"https:\/\/vigo-avocats.com\/en\/partenariat-vigo-x-dastra\/\" aria-label=\"Read more about Partenariat Vigo x Dastra\" tabindex=\"-1\" >\n\t\t\tLire la suite\t\t<\/a>\n\n\t\t\t\t<\/div>\n\t\t\t\t<\/article>\n\t\t\t\t<article class=\"elementor-post elementor-grid-item post-41448 post type-post status-publish format-standard hentry category-actualites-du-cabinet tag-distinction\" role=\"listitem\">\n\t\t\t\t<div class=\"elementor-post__text\">\n\t\t\t\t\n\t\t\t\t\t<div class=\"elementor-post__meta-data\">\n\t\t\t\t<span class=\"elementor-post-type\">Posts<\/span>\n\t\t\t<\/div>\n\t\t\n\t\t<h2 class=\"elementor-post__title\">\n\t\t\t<a href=\"https:\/\/vigo-avocats.com\/en\/distinction-le-cabinet-vigo-obtient-4-trophees-au-sommet-du-droit-2026\/\" >\n\t\t\t\tDISTINCTION : Le cabinet Vigo distingu\u00e9 lors des Troph\u00e9es du Droit 2026\t\t\t<\/a>\n\t\t<\/h2>\n\t\t\t\t<div class=\"elementor-post__meta-data\">\n\t\t\t\t\t<span class=\"elementor-post-date\">\n\t\t\t2 February 2026\t\t<\/span>\n\t\t\t\t<\/div>\n\t\t\t\t<div class=\"elementor-post__excerpt\">\n\t\t\t<p>Le cabinet Vigo est tr\u00e8s honor\u00e9 d\u2019avoir re\u00e7u, lors de la c\u00e9r\u00e9monie \u00ab Troph\u00e9es du Droit \u00bb de 2026 organis\u00e9e par D\u00e9cideurs Magazine\u00a0et Leaders League\u00a0:<\/p>\n\t\t<\/div>\n\t\t\n\t\t<a class=\"elementor-post__read-more\" href=\"https:\/\/vigo-avocats.com\/en\/distinction-le-cabinet-vigo-obtient-4-trophees-au-sommet-du-droit-2026\/\" aria-label=\"Read more about DISTINCTION : Le cabinet Vigo distingu\u00e9 lors des Troph\u00e9es du Droit 2026\" tabindex=\"-1\" >\n\t\t\tLire la suite\t\t<\/a>\n\n\t\t\t\t<\/div>\n\t\t\t\t<\/article>\n\t\t\t\t<\/div>\n\t\t\n\t\t\t\t<div class=\"e-load-more-anchor\" data-page=\"1\" data-max-page=\"107\" data-next-page=\"https:\/\/vigo-avocats.com\/en\/wp-json\/wp\/v2\/pages\/18842\/page\/2\/\"><\/div>\n\t\t\t\t<nav class=\"elementor-pagination\" aria-label=\"Pagination\">\n\t\t\t<span class=\"page-numbers prev\">Previous<\/span>\n<span aria-current=\"page\" class=\"page-numbers current\"><span class=\"elementor-screen-only\">Page<\/span>1<\/span>\n<a class=\"page-numbers\" href=\"https:\/\/vigo-avocats.com\/en\/wp-json\/wp\/v2\/pages\/18842\/page\/2\/\"><span class=\"elementor-screen-only\">Page<\/span>2<\/a>\n<a class=\"page-numbers\" href=\"https:\/\/vigo-avocats.com\/en\/wp-json\/wp\/v2\/pages\/18842\/page\/3\/\"><span class=\"elementor-screen-only\">Page<\/span>3<\/a>\n<span class=\"page-numbers dots\">&hellip;<\/span>\n<a class=\"page-numbers\" href=\"https:\/\/vigo-avocats.com\/en\/wp-json\/wp\/v2\/pages\/18842\/page\/107\/\"><span class=\"elementor-screen-only\">Page<\/span>107<\/a>\n<a class=\"page-numbers next\" href=\"https:\/\/vigo-avocats.com\/en\/wp-json\/wp\/v2\/pages\/18842\/page\/2\/\">Next<\/a>\t\t<\/nav>\n\t\t\t\t\t\t<\/div>\n\t\t\t\t<\/div>\n\t\t\t\t\t<\/div>\n\t\t<\/div>\n\t\t\t\t\t<\/div>\n\t\t<\/section>\n\t\t\t\t<\/div>\n\t\t","protected":false},"excerpt":{"rendered":"","protected":false},"author":87,"featured_media":0,"parent":0,"menu_order":0,"comment_status":"closed","ping_status":"closed","template":"","meta":{"_acf_changed":false,"footnotes":""},"coauthors":[375],"class_list":["post-18842","page","type-page","status-publish","hentry"],"acf":[],"yoast_head":"<!-- This site is optimized with the Yoast SEO plugin v26.8 - https:\/\/yoast.com\/product\/yoast-seo-wordpress\/ -->\n<title>All news - Vigo<\/title>\n<meta name=\"robots\" content=\"index, follow, max-snippet:-1, max-image-preview:large, max-video-preview:-1\" \/>\n<link rel=\"canonical\" href=\"https:\/\/vigo-avocats.com\/en\/all-news\/\" \/>\n<meta property=\"og:locale\" content=\"en_US\" \/>\n<meta property=\"og:type\" content=\"article\" \/>\n<meta property=\"og:title\" content=\"All news - Vigo\" \/>\n<meta property=\"og:url\" content=\"https:\/\/vigo-avocats.com\/en\/all-news\/\" \/>\n<meta property=\"og:site_name\" content=\"Vigo\" \/>\n<meta property=\"article:modified_time\" content=\"2021-03-01T12:03:57+00:00\" \/>\n<meta name=\"twitter:label1\" content=\"Est. reading time\" \/>\n\t<meta name=\"twitter:data1\" content=\"3 minutes\" \/>\n\t<meta name=\"twitter:label2\" content=\"Written by\" \/>\n\t<meta name=\"twitter:data2\" content=\"admin_vigo\" \/>\n<script type=\"application\/ld+json\" class=\"yoast-schema-graph\">{\"@context\":\"https:\/\/schema.org\",\"@graph\":[{\"@type\":\"WebPage\",\"@id\":\"https:\/\/vigo-avocats.com\/en\/all-news\/\",\"url\":\"https:\/\/vigo-avocats.com\/en\/all-news\/\",\"name\":\"All news - Vigo\",\"isPartOf\":{\"@id\":\"https:\/\/vigo-avocats.com\/en\/#website\"},\"datePublished\":\"2021-02-26T10:22:31+00:00\",\"dateModified\":\"2021-03-01T12:03:57+00:00\",\"breadcrumb\":{\"@id\":\"https:\/\/vigo-avocats.com\/en\/all-news\/#breadcrumb\"},\"inLanguage\":\"en-US\",\"potentialAction\":[{\"@type\":\"ReadAction\",\"target\":[\"https:\/\/vigo-avocats.com\/en\/all-news\/\"]}]},{\"@type\":\"BreadcrumbList\",\"@id\":\"https:\/\/vigo-avocats.com\/en\/all-news\/#breadcrumb\",\"itemListElement\":[{\"@type\":\"ListItem\",\"position\":1,\"name\":\"Accueil\",\"item\":\"https:\/\/vigo-avocats.com\/en\/\"},{\"@type\":\"ListItem\",\"position\":2,\"name\":\"All news\"}]},{\"@type\":\"WebSite\",\"@id\":\"https:\/\/vigo-avocats.com\/en\/#website\",\"url\":\"https:\/\/vigo-avocats.com\/en\/\",\"name\":\"Vigo\",\"description\":\"Cabinet d&#039;avocats\",\"potentialAction\":[{\"@type\":\"SearchAction\",\"target\":{\"@type\":\"EntryPoint\",\"urlTemplate\":\"https:\/\/vigo-avocats.com\/en\/?s={search_term_string}\"},\"query-input\":{\"@type\":\"PropertyValueSpecification\",\"valueRequired\":true,\"valueName\":\"search_term_string\"}}],\"inLanguage\":\"en-US\"}]}<\/script>\n<!-- \/ Yoast SEO plugin. -->","yoast_head_json":{"title":"All news - Vigo","robots":{"index":"index","follow":"follow","max-snippet":"max-snippet:-1","max-image-preview":"max-image-preview:large","max-video-preview":"max-video-preview:-1"},"canonical":"https:\/\/vigo-avocats.com\/en\/all-news\/","og_locale":"en_US","og_type":"article","og_title":"All news - Vigo","og_url":"https:\/\/vigo-avocats.com\/en\/all-news\/","og_site_name":"Vigo","article_modified_time":"2021-03-01T12:03:57+00:00","twitter_misc":{"Est. reading time":"3 minutes","Written by":"admin_vigo"},"schema":{"@context":"https:\/\/schema.org","@graph":[{"@type":"WebPage","@id":"https:\/\/vigo-avocats.com\/en\/all-news\/","url":"https:\/\/vigo-avocats.com\/en\/all-news\/","name":"All news - Vigo","isPartOf":{"@id":"https:\/\/vigo-avocats.com\/en\/#website"},"datePublished":"2021-02-26T10:22:31+00:00","dateModified":"2021-03-01T12:03:57+00:00","breadcrumb":{"@id":"https:\/\/vigo-avocats.com\/en\/all-news\/#breadcrumb"},"inLanguage":"en-US","potentialAction":[{"@type":"ReadAction","target":["https:\/\/vigo-avocats.com\/en\/all-news\/"]}]},{"@type":"BreadcrumbList","@id":"https:\/\/vigo-avocats.com\/en\/all-news\/#breadcrumb","itemListElement":[{"@type":"ListItem","position":1,"name":"Accueil","item":"https:\/\/vigo-avocats.com\/en\/"},{"@type":"ListItem","position":2,"name":"All news"}]},{"@type":"WebSite","@id":"https:\/\/vigo-avocats.com\/en\/#website","url":"https:\/\/vigo-avocats.com\/en\/","name":"Vigo","description":"Cabinet d&#039;avocats","potentialAction":[{"@type":"SearchAction","target":{"@type":"EntryPoint","urlTemplate":"https:\/\/vigo-avocats.com\/en\/?s={search_term_string}"},"query-input":{"@type":"PropertyValueSpecification","valueRequired":true,"valueName":"search_term_string"}}],"inLanguage":"en-US"}]}},"_links":{"self":[{"href":"https:\/\/vigo-avocats.com\/en\/wp-json\/wp\/v2\/pages\/18842","targetHints":{"allow":["GET"]}}],"collection":[{"href":"https:\/\/vigo-avocats.com\/en\/wp-json\/wp\/v2\/pages"}],"about":[{"href":"https:\/\/vigo-avocats.com\/en\/wp-json\/wp\/v2\/types\/page"}],"author":[{"embeddable":true,"href":"https:\/\/vigo-avocats.com\/en\/wp-json\/wp\/v2\/users\/87"}],"replies":[{"embeddable":true,"href":"https:\/\/vigo-avocats.com\/en\/wp-json\/wp\/v2\/comments?post=18842"}],"version-history":[{"count":16,"href":"https:\/\/vigo-avocats.com\/en\/wp-json\/wp\/v2\/pages\/18842\/revisions"}],"predecessor-version":[{"id":19219,"href":"https:\/\/vigo-avocats.com\/en\/wp-json\/wp\/v2\/pages\/18842\/revisions\/19219"}],"wp:attachment":[{"href":"https:\/\/vigo-avocats.com\/en\/wp-json\/wp\/v2\/media?parent=18842"}],"wp:term":[{"taxonomy":"author","embeddable":true,"href":"https:\/\/vigo-avocats.com\/en\/wp-json\/wp\/v2\/coauthors?post=18842"}],"curies":[{"name":"wp","href":"https:\/\/api.w.org\/{rel}","templated":true}]}}