{"id":18844,"date":"2021-02-23T11:22:58","date_gmt":"2021-02-23T10:22:58","guid":{"rendered":"http:\/\/vigo-avocats.com\/all-news\/our-practice-area\/"},"modified":"2021-03-01T12:45:18","modified_gmt":"2021-03-01T11:45:18","slug":"our-practice-area","status":"publish","type":"page","link":"https:\/\/vigo-avocats.com\/en\/all-news\/our-practice-area\/","title":{"rendered":"Our practice area"},"content":{"rendered":"\t\t<div data-elementor-type=\"wp-page\" data-elementor-id=\"18844\" class=\"elementor elementor-18844 elementor-17198\" data-elementor-post-type=\"page\">\n\t\t\t\t\t\t<section class=\"elementor-section elementor-top-section elementor-element elementor-element-7eb7a29 elementor-section-boxed elementor-section-height-default elementor-section-height-default qodef-elementor-content-no\" data-id=\"7eb7a29\" data-element_type=\"section\">\n\t\t\t\t\t\t<div class=\"elementor-container elementor-column-gap-default\">\n\t\t\t\t\t<div class=\"elementor-column elementor-col-100 elementor-top-column elementor-element elementor-element-1b05633\" data-id=\"1b05633\" data-element_type=\"column\">\n\t\t\t<div class=\"elementor-widget-wrap elementor-element-populated\">\n\t\t\t\t\t\t<div class=\"elementor-element elementor-element-c66f13c elementor-align-left elementor-widget elementor-widget-breadcrumbs\" data-id=\"c66f13c\" data-element_type=\"widget\" data-widget_type=\"breadcrumbs.default\">\n\t\t\t\t<div class=\"elementor-widget-container\">\n\t\t\t\t\t<div id=\"breadcrumbs\"><span><span><a href=\"https:\/\/vigo-avocats.com\/en\/\">Accueil<\/a><\/span><\/span><\/div>\t\t\t\t<\/div>\n\t\t\t\t<\/div>\n\t\t\t\t\t<\/div>\n\t\t<\/div>\n\t\t\t\t\t<\/div>\n\t\t<\/section>\n\t\t\t\t<section class=\"elementor-section elementor-top-section elementor-element elementor-element-b8c5502 elementor-section-boxed elementor-section-height-default elementor-section-height-default qodef-elementor-content-no\" data-id=\"b8c5502\" data-element_type=\"section\">\n\t\t\t\t\t\t<div class=\"elementor-container elementor-column-gap-default\">\n\t\t\t\t\t<div class=\"elementor-column elementor-col-100 elementor-top-column elementor-element elementor-element-9105fee\" data-id=\"9105fee\" data-element_type=\"column\">\n\t\t\t<div class=\"elementor-widget-wrap elementor-element-populated\">\n\t\t\t\t\t\t<div class=\"elementor-element elementor-element-7782861 elementor-widget__width-initial elementor-widget-tablet__width-inherit elementor-widget elementor-widget-borgholm_core_section_title\" data-id=\"7782861\" data-element_type=\"widget\" data-widget_type=\"borgholm_core_section_title.default\">\n\t\t\t\t<div class=\"elementor-widget-container\">\n\t\t\t\t\t<div class=\"qodef-shortcode qodef-m  qodef-section-title qodef-alignment--left   qodef-animate-special-style\">\n\t\t\t<h1 class=\"qodef-m-title\" >\n\t\t\t\t\tOur <span class=\"qodef-special-style\">practice<\/span> <span class=\"qodef-special-style\">area<\/span>\t\t\t<\/h1>\n\t\t<\/div>\t\t\t\t<\/div>\n\t\t\t\t<\/div>\n\t\t\t\t\t<\/div>\n\t\t<\/div>\n\t\t\t\t\t<\/div>\n\t\t<\/section>\n\t\t\t\t<section class=\"elementor-section elementor-top-section elementor-element elementor-element-67b4246 elementor-section-boxed elementor-section-height-default elementor-section-height-default qodef-elementor-content-no\" data-id=\"67b4246\" data-element_type=\"section\">\n\t\t\t\t\t\t<div class=\"elementor-container elementor-column-gap-default\">\n\t\t\t\t\t<div class=\"elementor-column elementor-col-100 elementor-top-column elementor-element elementor-element-fd1da28\" data-id=\"fd1da28\" data-element_type=\"column\">\n\t\t\t<div class=\"elementor-widget-wrap elementor-element-populated\">\n\t\t\t\t\t\t<div class=\"elementor-element elementor-element-4f7a0f7 elementor-grid-1 elementor-grid-tablet-2 elementor-grid-mobile-1 elementor-posts--thumbnail-top elementor-widget elementor-widget-posts\" data-id=\"4f7a0f7\" data-element_type=\"widget\" data-settings=\"{&quot;classic_columns&quot;:&quot;1&quot;,&quot;pagination_type&quot;:&quot;numbers_and_prev_next&quot;,&quot;classic_row_gap&quot;:{&quot;unit&quot;:&quot;px&quot;,&quot;size&quot;:60,&quot;sizes&quot;:[]},&quot;classic_columns_tablet&quot;:&quot;2&quot;,&quot;classic_columns_mobile&quot;:&quot;1&quot;,&quot;classic_row_gap_tablet&quot;:{&quot;unit&quot;:&quot;px&quot;,&quot;size&quot;:&quot;&quot;,&quot;sizes&quot;:[]},&quot;classic_row_gap_mobile&quot;:{&quot;unit&quot;:&quot;px&quot;,&quot;size&quot;:&quot;&quot;,&quot;sizes&quot;:[]}}\" data-widget_type=\"posts.classic\">\n\t\t\t\t<div class=\"elementor-widget-container\">\n\t\t\t\t\t\t\t<div class=\"elementor-posts-container elementor-posts elementor-posts--skin-classic elementor-grid\" role=\"list\">\n\t\t\t\t<article class=\"elementor-post elementor-grid-item post-35663 firm-news type-firm-news status-publish hentry\" role=\"listitem\">\n\t\t\t\t<div class=\"elementor-post__text\">\n\t\t\t\t<h2 class=\"elementor-post__title\">\n\t\t\t<a href=\"https:\/\/vigo-avocats.com\/en\/firm-news\/emmanuel-daoud-et-dalia-boudjellal-animent-un-petit-dejeuner-consacre-a-lalerte-ethique-en-partenariat-avec-la-plateforme-dalertes-whispli\/\" >\n\t\t\t\tEmmanuel Daoud et Dalia Boudjellal animent un petit-d\u00e9jeuner consacr\u00e9 \u00e0 l\u2019alerte \u00e9thique en partenariat avec la plateforme d\u2019alertes WHISPLI\t\t\t<\/a>\n\t\t<\/h2>\n\t\t\t\t<div class=\"elementor-post__meta-data\">\n\t\t\t\t\t<span class=\"elementor-post-date\">\n\t\t\t17 July 2025\t\t<\/span>\n\t\t\t\t<\/div>\n\t\t\t\t<div class=\"elementor-post__excerpt\">\n\t\t\t<p>Le 24 juin 2025, Emmanuel Daoud et Dalia Boudjellal ont eu le plaisir d\u2019animer un petit-d\u00e9jeuner organis\u00e9 en partenariat avec<\/p>\n\t\t<\/div>\n\t\t\n\t\t<a class=\"elementor-post__read-more\" href=\"https:\/\/vigo-avocats.com\/en\/firm-news\/emmanuel-daoud-et-dalia-boudjellal-animent-un-petit-dejeuner-consacre-a-lalerte-ethique-en-partenariat-avec-la-plateforme-dalertes-whispli\/\" aria-label=\"Read more about Emmanuel Daoud et Dalia Boudjellal animent un petit-d\u00e9jeuner consacr\u00e9 \u00e0 l\u2019alerte \u00e9thique en partenariat avec la plateforme d\u2019alertes WHISPLI\" tabindex=\"-1\" >\n\t\t\tMore info\t\t<\/a>\n\n\t\t\t\t<\/div>\n\t\t\t\t<\/article>\n\t\t\t\t<article class=\"elementor-post elementor-grid-item post-33735 firm-news type-firm-news status-publish hentry\" role=\"listitem\">\n\t\t\t\t<div class=\"elementor-post__text\">\n\t\t\t\t<h2 class=\"elementor-post__title\">\n\t\t\t<a href=\"https:\/\/vigo-avocats.com\/en\/firm-news\/animation-dun-webinaire-consacre-aux-enquetes-internes-et-au-devoir-de-vigilance-par-emmanuel-daoud-dalia-boudjellal-et-ghita-khalid-rouissi-en-partenariat-avec-whispli\/\" >\n\t\t\t\tAnimation d\u2019un webinaire consacr\u00e9 aux enqu\u00eates internes et au devoir de vigilance par Emmanuel Daoud, Dalia Boudjellal et Ghita Khalid Rouissi en partenariat avec Whispli\t\t\t<\/a>\n\t\t<\/h2>\n\t\t\t\t<div class=\"elementor-post__meta-data\">\n\t\t\t\t\t<span class=\"elementor-post-date\">\n\t\t\t23 October 2024\t\t<\/span>\n\t\t\t\t<\/div>\n\t\t\t\t<div class=\"elementor-post__excerpt\">\n\t\t\t<p>Le 22 octobre 2024, Emmanuel Daoud, Dalia Boudjellal et Ghita Khalid Rouissi ont anim\u00e9 un webinaire consacr\u00e9 aux enqu\u00eates internes<\/p>\n\t\t<\/div>\n\t\t\n\t\t<a class=\"elementor-post__read-more\" href=\"https:\/\/vigo-avocats.com\/en\/firm-news\/animation-dun-webinaire-consacre-aux-enquetes-internes-et-au-devoir-de-vigilance-par-emmanuel-daoud-dalia-boudjellal-et-ghita-khalid-rouissi-en-partenariat-avec-whispli\/\" aria-label=\"Read more about Animation d\u2019un webinaire consacr\u00e9 aux enqu\u00eates internes et au devoir de vigilance par Emmanuel Daoud, Dalia Boudjellal et Ghita Khalid Rouissi en partenariat avec Whispli\" tabindex=\"-1\" >\n\t\t\tMore info\t\t<\/a>\n\n\t\t\t\t<\/div>\n\t\t\t\t<\/article>\n\t\t\t\t<article class=\"elementor-post elementor-grid-item post-33734 firm-news type-firm-news status-publish hentry\" role=\"listitem\">\n\t\t\t\t<div class=\"elementor-post__text\">\n\t\t\t\t<h2 class=\"elementor-post__title\">\n\t\t\t<a href=\"https:\/\/vigo-avocats.com\/en\/firm-news\/participation-demmanuel-daoud-et-dalia-boudjellal-au-webinaire-devoir-de-vigilance-analyse-des-premieres-decisions-rendues-par-la-chambre-specialisee-de-la-cour-dappel-de-pa\/\" >\n\t\t\t\tParticipation d\u2019Emmanuel Daoud et Dalia Boudjellal au Webinaire \u00ab Devoir de vigilance : Analyse des premi\u00e8res d\u00e9cisions rendues par la chambre sp\u00e9cialis\u00e9e de la cour d\u2019appel de Paris \u00bb\t\t\t<\/a>\n\t\t<\/h2>\n\t\t\t\t<div class=\"elementor-post__meta-data\">\n\t\t\t\t\t<span class=\"elementor-post-date\">\n\t\t\t5 July 2024\t\t<\/span>\n\t\t\t\t<\/div>\n\t\t\t\t<div class=\"elementor-post__excerpt\">\n\t\t\t<p>Le 3 juillet 2024, Emmanuel Daoud et Dalia Boudjellal ont anim\u00e9 un Webinaire consacr\u00e9 aux premi\u00e8res d\u00e9cisions rendues par la<\/p>\n\t\t<\/div>\n\t\t\n\t\t<a class=\"elementor-post__read-more\" href=\"https:\/\/vigo-avocats.com\/en\/firm-news\/participation-demmanuel-daoud-et-dalia-boudjellal-au-webinaire-devoir-de-vigilance-analyse-des-premieres-decisions-rendues-par-la-chambre-specialisee-de-la-cour-dappel-de-pa\/\" aria-label=\"Read more about Participation d\u2019Emmanuel Daoud et Dalia Boudjellal au Webinaire \u00ab Devoir de vigilance : Analyse des premi\u00e8res d\u00e9cisions rendues par la chambre sp\u00e9cialis\u00e9e de la cour d\u2019appel de Paris \u00bb\" tabindex=\"-1\" >\n\t\t\tMore info\t\t<\/a>\n\n\t\t\t\t<\/div>\n\t\t\t\t<\/article>\n\t\t\t\t<article class=\"elementor-post elementor-grid-item post-33731 firm-news type-firm-news status-publish hentry\" role=\"listitem\">\n\t\t\t\t<div class=\"elementor-post__text\">\n\t\t\t\t<h2 class=\"elementor-post__title\">\n\t\t\t<a href=\"https:\/\/vigo-avocats.com\/en\/firm-news\/participation-demmanuel-daoud-et-dalia-boudjellal-au-webinaire-coorganise-avec-le-cabinet-daudit-bma-intitule-csrd-cs3d-une-finalite-commune\/\" >\n\t\t\t\tParticipation d\u2019Emmanuel Daoud et Dalia Boudjellal au Webinaire coorganis\u00e9 avec le cabinet d\u2019audit BM&#038;A intitul\u00e9 \u00ab CSRD, CS3D : une finalit\u00e9 commune ? \u00bb\t\t\t<\/a>\n\t\t<\/h2>\n\t\t\t\t<div class=\"elementor-post__meta-data\">\n\t\t\t\t\t<span class=\"elementor-post-date\">\n\t\t\t15 June 2024\t\t<\/span>\n\t\t\t\t<\/div>\n\t\t\t\t<div class=\"elementor-post__excerpt\">\n\t\t\t<p>Le 13 juin 2024, Emmanuel Daoud et Dalia Boudjellal ont particip\u00e9 \u00e0 un webinaire coorganis\u00e9 avec le cabinet d\u2019audit BM&amp;A,<\/p>\n\t\t<\/div>\n\t\t\n\t\t<a class=\"elementor-post__read-more\" href=\"https:\/\/vigo-avocats.com\/en\/firm-news\/participation-demmanuel-daoud-et-dalia-boudjellal-au-webinaire-coorganise-avec-le-cabinet-daudit-bma-intitule-csrd-cs3d-une-finalite-commune\/\" aria-label=\"Read more about Participation d\u2019Emmanuel Daoud et Dalia Boudjellal au Webinaire coorganis\u00e9 avec le cabinet d\u2019audit BM&#038;A intitul\u00e9 \u00ab CSRD, CS3D : une finalit\u00e9 commune ? \u00bb\" tabindex=\"-1\" >\n\t\t\tMore info\t\t<\/a>\n\n\t\t\t\t<\/div>\n\t\t\t\t<\/article>\n\t\t\t\t<article class=\"elementor-post elementor-grid-item post-33732 firm-news type-firm-news status-publish hentry\" role=\"listitem\">\n\t\t\t\t<div class=\"elementor-post__text\">\n\t\t\t\t<h2 class=\"elementor-post__title\">\n\t\t\t<a href=\"https:\/\/vigo-avocats.com\/en\/firm-news\/animation-dun-petit-dejeuner-consacre-aux-enquetes-internes-et-au-devoir-de-vigilance-par-emmanuel-daoud-dalia-boudjellal-et-ghita-khalid-rouissi-en-partenariat-avec-whispli\/\" >\n\t\t\t\tAnimation d\u2019un petit-d\u00e9jeuner consacr\u00e9 aux enqu\u00eates internes et au devoir de vigilance par Emmanuel Daoud, Dalia Boudjellal et Ghita Khalid Rouissi en partenariat avec Whispli\t\t\t<\/a>\n\t\t<\/h2>\n\t\t\t\t<div class=\"elementor-post__meta-data\">\n\t\t\t\t\t<span class=\"elementor-post-date\">\n\t\t\t8 June 2024\t\t<\/span>\n\t\t\t\t<\/div>\n\t\t\t\t<div class=\"elementor-post__excerpt\">\n\t\t\t<p>Le 7 juin 2024, Emmanuel Daoud, Dalia Boudjellal et Ghita Khalid Rouissi ont anim\u00e9 un atelier consacr\u00e9 aux enqu\u00eates internes<\/p>\n\t\t<\/div>\n\t\t\n\t\t<a class=\"elementor-post__read-more\" href=\"https:\/\/vigo-avocats.com\/en\/firm-news\/animation-dun-petit-dejeuner-consacre-aux-enquetes-internes-et-au-devoir-de-vigilance-par-emmanuel-daoud-dalia-boudjellal-et-ghita-khalid-rouissi-en-partenariat-avec-whispli\/\" aria-label=\"Read more about Animation d\u2019un petit-d\u00e9jeuner consacr\u00e9 aux enqu\u00eates internes et au devoir de vigilance par Emmanuel Daoud, Dalia Boudjellal et Ghita Khalid Rouissi en partenariat avec Whispli\" tabindex=\"-1\" >\n\t\t\tMore info\t\t<\/a>\n\n\t\t\t\t<\/div>\n\t\t\t\t<\/article>\n\t\t\t\t<article class=\"elementor-post elementor-grid-item post-33730 firm-news type-firm-news status-publish hentry\" role=\"listitem\">\n\t\t\t\t<div class=\"elementor-post__text\">\n\t\t\t\t<h2 class=\"elementor-post__title\">\n\t\t\t<a href=\"https:\/\/vigo-avocats.com\/en\/firm-news\/participation-demmanuel-daoud-et-dalia-boudjellal-au-webinaire-quel-avenir-pour-le-devoir-de-vigilance-europeen\/\" >\n\t\t\t\tParticipation d\u2019Emmanuel Daoud et Dalia Boudjellal au Webinaire \u00ab Quel avenir pour le devoir de vigilance europ\u00e9en ? \u00bb\t\t\t<\/a>\n\t\t<\/h2>\n\t\t\t\t<div class=\"elementor-post__meta-data\">\n\t\t\t\t\t<span class=\"elementor-post-date\">\n\t\t\t20 March 2024\t\t<\/span>\n\t\t\t\t<\/div>\n\t\t\t\t<div class=\"elementor-post__excerpt\">\n\t\t\t<p>Apr\u00e8s le report du vote de la directive europ\u00e9enne sur le devoir de vigilance, Emmanuel Daoud et Dalia Boudjellal ont<\/p>\n\t\t<\/div>\n\t\t\n\t\t<a class=\"elementor-post__read-more\" href=\"https:\/\/vigo-avocats.com\/en\/firm-news\/participation-demmanuel-daoud-et-dalia-boudjellal-au-webinaire-quel-avenir-pour-le-devoir-de-vigilance-europeen\/\" aria-label=\"Read more about Participation d\u2019Emmanuel Daoud et Dalia Boudjellal au Webinaire \u00ab Quel avenir pour le devoir de vigilance europ\u00e9en ? \u00bb\" tabindex=\"-1\" >\n\t\t\tMore info\t\t<\/a>\n\n\t\t\t\t<\/div>\n\t\t\t\t<\/article>\n\t\t\t\t<article class=\"elementor-post elementor-grid-item post-31872 firm-news type-firm-news status-publish hentry\" role=\"listitem\">\n\t\t\t\t<div class=\"elementor-post__text\">\n\t\t\t\t<h2 class=\"elementor-post__title\">\n\t\t\t<a href=\"https:\/\/vigo-avocats.com\/en\/firm-news\/intervention-demmanuel-daoud-le-6-fevrier-au-webinaire-le-devoir-de-vigilance-point-sur-la-jurisprudence-francaise-et-sur-la-nouvelle-directive-cs3d\/\" >\n\t\t\t\tIntervention d&#8217;Emmanuel Daoud le 6 f\u00e9vrier au  Webinaire &#8220;Le Devoir de Vigilance &#8211; point sur la jurisprudence fran\u00e7aise et sur la nouvelle Directive CS3D &#8220;\t\t\t<\/a>\n\t\t<\/h2>\n\t\t\t\t<div class=\"elementor-post__meta-data\">\n\t\t\t\t\t<span class=\"elementor-post-date\">\n\t\t\t29 January 2024\t\t<\/span>\n\t\t\t\t<\/div>\n\t\t\t\t<div class=\"elementor-post__excerpt\">\n\t\t\t<p>Le 6 f\u00e9vrier 2024, le Cercle de la Compliance a organis\u00e9 un webinaire consacr\u00e9 aux \u00e9volutions juridiques et r\u00e9glementaires autour<\/p>\n\t\t<\/div>\n\t\t\n\t\t<a class=\"elementor-post__read-more\" href=\"https:\/\/vigo-avocats.com\/en\/firm-news\/intervention-demmanuel-daoud-le-6-fevrier-au-webinaire-le-devoir-de-vigilance-point-sur-la-jurisprudence-francaise-et-sur-la-nouvelle-directive-cs3d\/\" aria-label=\"Read more about Intervention d&#8217;Emmanuel Daoud le 6 f\u00e9vrier au  Webinaire &#8220;Le Devoir de Vigilance &#8211; point sur la jurisprudence fran\u00e7aise et sur la nouvelle Directive CS3D &#8220;\" tabindex=\"-1\" >\n\t\t\tMore info\t\t<\/a>\n\n\t\t\t\t<\/div>\n\t\t\t\t<\/article>\n\t\t\t\t<article class=\"elementor-post elementor-grid-item post-31467 firm-news type-firm-news status-publish hentry\" role=\"listitem\">\n\t\t\t\t<div class=\"elementor-post__text\">\n\t\t\t\t<h2 class=\"elementor-post__title\">\n\t\t\t<a href=\"https:\/\/vigo-avocats.com\/en\/firm-news\/intervention-demmanuel-daoud-le-9-decembre-2023-au-colloque-inaugural-de-lafmje-le-climat-la-justice-pour-quoi-faire\/\" >\n\t\t\t\tIntervention d&#8217;Emmanuel Daoud le 9 d\u00e9cembre 2023 au colloque inaugural de l&#8217;AFMJE &#8220;le climat : la justice pour quoi faire ? &#8220;\t\t\t<\/a>\n\t\t<\/h2>\n\t\t\t\t<div class=\"elementor-post__meta-data\">\n\t\t\t\t\t<span class=\"elementor-post-date\">\n\t\t\t6 December 2023\t\t<\/span>\n\t\t\t\t<\/div>\n\t\t\t\t<div class=\"elementor-post__excerpt\">\n\t\t\t<p>Emmanuel Daoud aura l\u2019honneur de participer au colloque inaugural de L&#8217;Association Fran\u00e7aise des Magistrats pour la Justice Environnementale \u2013 AFMJE,<\/p>\n\t\t<\/div>\n\t\t\n\t\t<a class=\"elementor-post__read-more\" href=\"https:\/\/vigo-avocats.com\/en\/firm-news\/intervention-demmanuel-daoud-le-9-decembre-2023-au-colloque-inaugural-de-lafmje-le-climat-la-justice-pour-quoi-faire\/\" aria-label=\"Read more about Intervention d&#8217;Emmanuel Daoud le 9 d\u00e9cembre 2023 au colloque inaugural de l&#8217;AFMJE &#8220;le climat : la justice pour quoi faire ? &#8220;\" tabindex=\"-1\" >\n\t\t\tMore info\t\t<\/a>\n\n\t\t\t\t<\/div>\n\t\t\t\t<\/article>\n\t\t\t\t<article class=\"elementor-post elementor-grid-item post-30979 firm-news type-firm-news status-publish hentry\" role=\"listitem\">\n\t\t\t\t<div class=\"elementor-post__text\">\n\t\t\t\t<h2 class=\"elementor-post__title\">\n\t\t\t<a href=\"https:\/\/vigo-avocats.com\/en\/firm-news\/ouverture-du-vote-en-ligne-pour-les-trophees-pro-bono-2023\/\" >\n\t\t\t\tOuverture du vote en ligne pour les Troph\u00e9es Pro Bono 2023\t\t\t<\/a>\n\t\t<\/h2>\n\t\t\t\t<div class=\"elementor-post__meta-data\">\n\t\t\t\t\t<span class=\"elementor-post-date\">\n\t\t\t11 September 2023\t\t<\/span>\n\t\t\t\t<\/div>\n\t\t\t\t<div class=\"elementor-post__excerpt\">\n\t\t\t<p>Le cabinet Vigo a candidat\u00e9 aux Troph\u00e9es Pro Bono 2023 organis\u00e9s par le Barreau de Paris, en mettant particuli\u00e8rement en<\/p>\n\t\t<\/div>\n\t\t\n\t\t<a class=\"elementor-post__read-more\" href=\"https:\/\/vigo-avocats.com\/en\/firm-news\/ouverture-du-vote-en-ligne-pour-les-trophees-pro-bono-2023\/\" aria-label=\"Read more about Ouverture du vote en ligne pour les Troph\u00e9es Pro Bono 2023\" tabindex=\"-1\" >\n\t\t\tMore info\t\t<\/a>\n\n\t\t\t\t<\/div>\n\t\t\t\t<\/article>\n\t\t\t\t<article class=\"elementor-post elementor-grid-item post-30637 firm-news type-firm-news status-publish hentry\" role=\"listitem\">\n\t\t\t\t<div class=\"elementor-post__text\">\n\t\t\t\t<h2 class=\"elementor-post__title\">\n\t\t\t<a href=\"https:\/\/vigo-avocats.com\/en\/firm-news\/intervention-demmanuel-daoud-le-14-avril-12-mai-et-16-juin-2023-a-la-formation-maj-module-durgence\/\" >\n\t\t\t\tIntervention d&#8217;Emmanuel Daoud le 14 avril, 12 mai et 16 juin 2023 \u00e0 la formation MAJ- module d&#8217;urgence\t\t\t<\/a>\n\t\t<\/h2>\n\t\t\t\t<div class=\"elementor-post__meta-data\">\n\t\t\t\t\t<span class=\"elementor-post-date\">\n\t\t\t1 April 2023\t\t<\/span>\n\t\t\t\t<\/div>\n\t\t\t\t<div class=\"elementor-post__excerpt\">\n\t\t\t<p>Intervention d&#8217;Emmanuel Daoud le 14 avril, 12 mai et 16 juin 2023 \u00e0 la formation MAJ- module d&#8217;urgence Ce cycle<\/p>\n\t\t<\/div>\n\t\t\n\t\t<a class=\"elementor-post__read-more\" href=\"https:\/\/vigo-avocats.com\/en\/firm-news\/intervention-demmanuel-daoud-le-14-avril-12-mai-et-16-juin-2023-a-la-formation-maj-module-durgence\/\" aria-label=\"Read more about Intervention d&#8217;Emmanuel Daoud le 14 avril, 12 mai et 16 juin 2023 \u00e0 la formation MAJ- module d&#8217;urgence\" tabindex=\"-1\" >\n\t\t\tMore info\t\t<\/a>\n\n\t\t\t\t<\/div>\n\t\t\t\t<\/article>\n\t\t\t\t<\/div>\n\t\t\n\t\t\t\t<div class=\"e-load-more-anchor\" data-page=\"1\" data-max-page=\"17\" data-next-page=\"https:\/\/vigo-avocats.com\/en\/wp-json\/wp\/v2\/pages\/18844\/page\/2\/\"><\/div>\n\t\t\t\t<nav class=\"elementor-pagination\" aria-label=\"Pagination\">\n\t\t\t<span class=\"page-numbers prev\">Previous<\/span>\n<span aria-current=\"page\" class=\"page-numbers current\"><span class=\"elementor-screen-only\">Page<\/span>1<\/span>\n<a class=\"page-numbers\" href=\"https:\/\/vigo-avocats.com\/en\/wp-json\/wp\/v2\/pages\/18844\/page\/2\/\"><span class=\"elementor-screen-only\">Page<\/span>2<\/a>\n<a class=\"page-numbers\" href=\"https:\/\/vigo-avocats.com\/en\/wp-json\/wp\/v2\/pages\/18844\/page\/3\/\"><span class=\"elementor-screen-only\">Page<\/span>3<\/a>\n<span class=\"page-numbers dots\">&hellip;<\/span>\n<a class=\"page-numbers\" href=\"https:\/\/vigo-avocats.com\/en\/wp-json\/wp\/v2\/pages\/18844\/page\/17\/\"><span class=\"elementor-screen-only\">Page<\/span>17<\/a>\n<a class=\"page-numbers next\" href=\"https:\/\/vigo-avocats.com\/en\/wp-json\/wp\/v2\/pages\/18844\/page\/2\/\">Next<\/a>\t\t<\/nav>\n\t\t\t\t\t\t<\/div>\n\t\t\t\t<\/div>\n\t\t\t\t\t<\/div>\n\t\t<\/div>\n\t\t\t\t\t<\/div>\n\t\t<\/section>\n\t\t\t\t<\/div>\n\t\t","protected":false},"excerpt":{"rendered":"<p>Our practice area<\/p>\n","protected":false},"author":87,"featured_media":0,"parent":18842,"menu_order":0,"comment_status":"closed","ping_status":"closed","template":"","meta":{"_acf_changed":false,"footnotes":""},"coauthors":[375],"class_list":["post-18844","page","type-page","status-publish","hentry"],"acf":[],"yoast_head":"<!-- This site is optimized with the Yoast SEO plugin v26.8 - https:\/\/yoast.com\/product\/yoast-seo-wordpress\/ -->\n<title>Our practice area - Vigo<\/title>\n<meta name=\"robots\" content=\"index, follow, max-snippet:-1, max-image-preview:large, max-video-preview:-1\" \/>\n<link rel=\"canonical\" href=\"https:\/\/vigo-avocats.com\/en\/all-news\/our-practice-area\/\" \/>\n<meta property=\"og:locale\" content=\"en_US\" \/>\n<meta property=\"og:type\" content=\"article\" \/>\n<meta property=\"og:title\" content=\"Our practice area - Vigo\" \/>\n<meta property=\"og:description\" content=\"Our practice area\" \/>\n<meta property=\"og:url\" content=\"https:\/\/vigo-avocats.com\/en\/all-news\/our-practice-area\/\" \/>\n<meta property=\"og:site_name\" content=\"Vigo\" \/>\n<meta property=\"article:modified_time\" content=\"2021-03-01T11:45:18+00:00\" \/>\n<meta name=\"twitter:label1\" content=\"Est. reading time\" \/>\n\t<meta name=\"twitter:data1\" content=\"2 minutes\" \/>\n\t<meta name=\"twitter:label2\" content=\"Written by\" \/>\n\t<meta name=\"twitter:data2\" content=\"admin_vigo\" \/>\n<script type=\"application\/ld+json\" class=\"yoast-schema-graph\">{\"@context\":\"https:\/\/schema.org\",\"@graph\":[{\"@type\":\"WebPage\",\"@id\":\"https:\/\/vigo-avocats.com\/en\/all-news\/our-practice-area\/\",\"url\":\"https:\/\/vigo-avocats.com\/en\/all-news\/our-practice-area\/\",\"name\":\"Our practice area - Vigo\",\"isPartOf\":{\"@id\":\"https:\/\/vigo-avocats.com\/en\/#website\"},\"datePublished\":\"2021-02-23T10:22:58+00:00\",\"dateModified\":\"2021-03-01T11:45:18+00:00\",\"breadcrumb\":{\"@id\":\"https:\/\/vigo-avocats.com\/en\/all-news\/our-practice-area\/#breadcrumb\"},\"inLanguage\":\"en-US\",\"potentialAction\":[{\"@type\":\"ReadAction\",\"target\":[\"https:\/\/vigo-avocats.com\/en\/all-news\/our-practice-area\/\"]}]},{\"@type\":\"BreadcrumbList\",\"@id\":\"https:\/\/vigo-avocats.com\/en\/all-news\/our-practice-area\/#breadcrumb\",\"itemListElement\":[{\"@type\":\"ListItem\",\"position\":1,\"name\":\"Accueil\",\"item\":\"https:\/\/vigo-avocats.com\/en\/\"},{\"@type\":\"ListItem\",\"position\":2,\"name\":\"All news\",\"item\":\"https:\/\/vigo-avocats.com\/en\/all-news\/\"},{\"@type\":\"ListItem\",\"position\":3,\"name\":\"Our practice area\"}]},{\"@type\":\"WebSite\",\"@id\":\"https:\/\/vigo-avocats.com\/en\/#website\",\"url\":\"https:\/\/vigo-avocats.com\/en\/\",\"name\":\"Vigo\",\"description\":\"Cabinet d&#039;avocats\",\"potentialAction\":[{\"@type\":\"SearchAction\",\"target\":{\"@type\":\"EntryPoint\",\"urlTemplate\":\"https:\/\/vigo-avocats.com\/en\/?s={search_term_string}\"},\"query-input\":{\"@type\":\"PropertyValueSpecification\",\"valueRequired\":true,\"valueName\":\"search_term_string\"}}],\"inLanguage\":\"en-US\"}]}<\/script>\n<!-- \/ Yoast SEO plugin. -->","yoast_head_json":{"title":"Our practice area - Vigo","robots":{"index":"index","follow":"follow","max-snippet":"max-snippet:-1","max-image-preview":"max-image-preview:large","max-video-preview":"max-video-preview:-1"},"canonical":"https:\/\/vigo-avocats.com\/en\/all-news\/our-practice-area\/","og_locale":"en_US","og_type":"article","og_title":"Our practice area - Vigo","og_description":"Our practice area","og_url":"https:\/\/vigo-avocats.com\/en\/all-news\/our-practice-area\/","og_site_name":"Vigo","article_modified_time":"2021-03-01T11:45:18+00:00","twitter_misc":{"Est. reading time":"2 minutes","Written by":"admin_vigo"},"schema":{"@context":"https:\/\/schema.org","@graph":[{"@type":"WebPage","@id":"https:\/\/vigo-avocats.com\/en\/all-news\/our-practice-area\/","url":"https:\/\/vigo-avocats.com\/en\/all-news\/our-practice-area\/","name":"Our practice area - Vigo","isPartOf":{"@id":"https:\/\/vigo-avocats.com\/en\/#website"},"datePublished":"2021-02-23T10:22:58+00:00","dateModified":"2021-03-01T11:45:18+00:00","breadcrumb":{"@id":"https:\/\/vigo-avocats.com\/en\/all-news\/our-practice-area\/#breadcrumb"},"inLanguage":"en-US","potentialAction":[{"@type":"ReadAction","target":["https:\/\/vigo-avocats.com\/en\/all-news\/our-practice-area\/"]}]},{"@type":"BreadcrumbList","@id":"https:\/\/vigo-avocats.com\/en\/all-news\/our-practice-area\/#breadcrumb","itemListElement":[{"@type":"ListItem","position":1,"name":"Accueil","item":"https:\/\/vigo-avocats.com\/en\/"},{"@type":"ListItem","position":2,"name":"All news","item":"https:\/\/vigo-avocats.com\/en\/all-news\/"},{"@type":"ListItem","position":3,"name":"Our practice area"}]},{"@type":"WebSite","@id":"https:\/\/vigo-avocats.com\/en\/#website","url":"https:\/\/vigo-avocats.com\/en\/","name":"Vigo","description":"Cabinet d&#039;avocats","potentialAction":[{"@type":"SearchAction","target":{"@type":"EntryPoint","urlTemplate":"https:\/\/vigo-avocats.com\/en\/?s={search_term_string}"},"query-input":{"@type":"PropertyValueSpecification","valueRequired":true,"valueName":"search_term_string"}}],"inLanguage":"en-US"}]}},"_links":{"self":[{"href":"https:\/\/vigo-avocats.com\/en\/wp-json\/wp\/v2\/pages\/18844","targetHints":{"allow":["GET"]}}],"collection":[{"href":"https:\/\/vigo-avocats.com\/en\/wp-json\/wp\/v2\/pages"}],"about":[{"href":"https:\/\/vigo-avocats.com\/en\/wp-json\/wp\/v2\/types\/page"}],"author":[{"embeddable":true,"href":"https:\/\/vigo-avocats.com\/en\/wp-json\/wp\/v2\/users\/87"}],"replies":[{"embeddable":true,"href":"https:\/\/vigo-avocats.com\/en\/wp-json\/wp\/v2\/comments?post=18844"}],"version-history":[{"count":5,"href":"https:\/\/vigo-avocats.com\/en\/wp-json\/wp\/v2\/pages\/18844\/revisions"}],"predecessor-version":[{"id":19215,"href":"https:\/\/vigo-avocats.com\/en\/wp-json\/wp\/v2\/pages\/18844\/revisions\/19215"}],"up":[{"embeddable":true,"href":"https:\/\/vigo-avocats.com\/en\/wp-json\/wp\/v2\/pages\/18842"}],"wp:attachment":[{"href":"https:\/\/vigo-avocats.com\/en\/wp-json\/wp\/v2\/media?parent=18844"}],"wp:term":[{"taxonomy":"author","embeddable":true,"href":"https:\/\/vigo-avocats.com\/en\/wp-json\/wp\/v2\/coauthors?post=18844"}],"curies":[{"name":"wp","href":"https:\/\/api.w.org\/{rel}","templated":true}]}}