{"id":18848,"date":"2021-02-23T11:25:08","date_gmt":"2021-02-23T10:25:08","guid":{"rendered":"http:\/\/vigo-avocats.com\/all-news\/csr-law-watch\/"},"modified":"2021-02-23T11:25:10","modified_gmt":"2021-02-23T10:25:10","slug":"csr-law-watch","status":"publish","type":"page","link":"https:\/\/vigo-avocats.com\/en\/csr\/csr-law-watch\/","title":{"rendered":"CSR law watch"},"content":{"rendered":"\t\t<div data-elementor-type=\"wp-page\" data-elementor-id=\"18848\" class=\"elementor elementor-18848 elementor-17516\" data-elementor-post-type=\"page\">\n\t\t\t\t\t\t<section class=\"elementor-section elementor-top-section elementor-element elementor-element-7eb7a29 elementor-section-boxed elementor-section-height-default elementor-section-height-default qodef-elementor-content-no\" data-id=\"7eb7a29\" data-element_type=\"section\">\n\t\t\t\t\t\t<div class=\"elementor-container elementor-column-gap-default\">\n\t\t\t\t\t<div class=\"elementor-column elementor-col-100 elementor-top-column elementor-element elementor-element-1b05633\" data-id=\"1b05633\" data-element_type=\"column\">\n\t\t\t<div class=\"elementor-widget-wrap elementor-element-populated\">\n\t\t\t\t\t\t<div class=\"elementor-element elementor-element-c66f13c elementor-align-left elementor-widget elementor-widget-breadcrumbs\" data-id=\"c66f13c\" data-element_type=\"widget\" data-widget_type=\"breadcrumbs.default\">\n\t\t\t\t<div class=\"elementor-widget-container\">\n\t\t\t\t\t<div id=\"breadcrumbs\"><span><span><a href=\"https:\/\/vigo-avocats.com\/en\/\">Accueil<\/a><\/span><\/span><\/div>\t\t\t\t<\/div>\n\t\t\t\t<\/div>\n\t\t\t\t\t<\/div>\n\t\t<\/div>\n\t\t\t\t\t<\/div>\n\t\t<\/section>\n\t\t\t\t<section class=\"elementor-section elementor-top-section elementor-element elementor-element-b8c5502 elementor-section-boxed elementor-section-height-default elementor-section-height-default qodef-elementor-content-no\" data-id=\"b8c5502\" data-element_type=\"section\">\n\t\t\t\t\t\t<div class=\"elementor-container elementor-column-gap-default\">\n\t\t\t\t\t<div class=\"elementor-column elementor-col-100 elementor-top-column elementor-element elementor-element-9105fee\" data-id=\"9105fee\" data-element_type=\"column\">\n\t\t\t<div class=\"elementor-widget-wrap elementor-element-populated\">\n\t\t\t\t\t\t<div class=\"elementor-element elementor-element-7782861 elementor-widget__width-initial elementor-widget-tablet__width-inherit elementor-widget elementor-widget-borgholm_core_section_title\" data-id=\"7782861\" data-element_type=\"widget\" data-widget_type=\"borgholm_core_section_title.default\">\n\t\t\t\t<div class=\"elementor-widget-container\">\n\t\t\t\t\t<div class=\"qodef-shortcode qodef-m  qodef-section-title qodef-alignment--left   qodef-animate-special-style\">\n\t\t\t<h1 class=\"qodef-m-title\" >\n\t\t\t\t\tCSR law <span class=\"qodef-special-style\">watch<\/span>\t\t\t<\/h1>\n\t\t<\/div>\t\t\t\t<\/div>\n\t\t\t\t<\/div>\n\t\t\t\t\t<\/div>\n\t\t<\/div>\n\t\t\t\t\t<\/div>\n\t\t<\/section>\n\t\t\t\t<section class=\"elementor-section elementor-top-section elementor-element elementor-element-67b4246 elementor-section-boxed elementor-section-height-default elementor-section-height-default qodef-elementor-content-no\" data-id=\"67b4246\" data-element_type=\"section\">\n\t\t\t\t\t\t<div class=\"elementor-container elementor-column-gap-default\">\n\t\t\t\t\t<div class=\"elementor-column elementor-col-100 elementor-top-column elementor-element elementor-element-fd1da28\" data-id=\"fd1da28\" data-element_type=\"column\">\n\t\t\t<div class=\"elementor-widget-wrap elementor-element-populated\">\n\t\t\t\t\t\t<div class=\"elementor-element elementor-element-4f7a0f7 elementor-grid-1 elementor-grid-tablet-2 elementor-grid-mobile-1 elementor-posts--thumbnail-top elementor-widget elementor-widget-posts\" data-id=\"4f7a0f7\" data-element_type=\"widget\" data-settings=\"{&quot;classic_columns&quot;:&quot;1&quot;,&quot;pagination_type&quot;:&quot;numbers_and_prev_next&quot;,&quot;classic_row_gap&quot;:{&quot;unit&quot;:&quot;px&quot;,&quot;size&quot;:60,&quot;sizes&quot;:[]},&quot;classic_columns_tablet&quot;:&quot;2&quot;,&quot;classic_columns_mobile&quot;:&quot;1&quot;,&quot;classic_row_gap_tablet&quot;:{&quot;unit&quot;:&quot;px&quot;,&quot;size&quot;:&quot;&quot;,&quot;sizes&quot;:[]},&quot;classic_row_gap_mobile&quot;:{&quot;unit&quot;:&quot;px&quot;,&quot;size&quot;:&quot;&quot;,&quot;sizes&quot;:[]}}\" data-widget_type=\"posts.classic\">\n\t\t\t\t<div class=\"elementor-widget-container\">\n\t\t\t\t\t\t\t<div class=\"elementor-posts-container elementor-posts elementor-posts--skin-classic elementor-grid\" role=\"list\">\n\t\t\t\t<article class=\"elementor-post elementor-grid-item post-9244 veille type-veille status-publish hentry categories_veille-rse\" role=\"listitem\">\n\t\t\t\t<div class=\"elementor-post__text\">\n\t\t\t\t<h2 class=\"elementor-post__title\">\n\t\t\t<a href=\"https:\/\/vigo-avocats.com\/en\/veille\/veille-rse-automne-2018\/\" >\n\t\t\t\tVeille RSE &#8211; Automne 2018\t\t\t<\/a>\n\t\t<\/h2>\n\t\t\t\t<div class=\"elementor-post__meta-data\">\n\t\t\t\t\t<span class=\"elementor-post-date\">\n\t\t\t28 December 2018\t\t<\/span>\n\t\t\t\t<\/div>\n\t\t\t\t<div class=\"elementor-post__excerpt\">\n\t\t\t<p>Soft Law \u2013 Une juridiction n\u00e9erlandaise enjoint \u00e0 l\u2019Etat des Pays-Bas de diminuer ses \u00e9missions de carbone Le 9 octobre<\/p>\n\t\t<\/div>\n\t\t\n\t\t<a class=\"elementor-post__read-more\" href=\"https:\/\/vigo-avocats.com\/en\/veille\/veille-rse-automne-2018\/\" aria-label=\"Read more about Veille RSE &#8211; Automne 2018\" tabindex=\"-1\" >\n\t\t\tMore info\t\t<\/a>\n\n\t\t\t\t<\/div>\n\t\t\t\t<\/article>\n\t\t\t\t<article class=\"elementor-post elementor-grid-item post-9010 veille type-veille status-publish hentry categories_veille-rse\" role=\"listitem\">\n\t\t\t\t<div class=\"elementor-post__text\">\n\t\t\t\t<h2 class=\"elementor-post__title\">\n\t\t\t<a href=\"https:\/\/vigo-avocats.com\/en\/veille\/veille-rse-juin-septembre-2018\/\" >\n\t\t\t\tVeille RSE juin &#8211; septembre 2018.\t\t\t<\/a>\n\t\t<\/h2>\n\t\t\t\t<div class=\"elementor-post__meta-data\">\n\t\t\t\t\t<span class=\"elementor-post-date\">\n\t\t\t25 September 2018\t\t<\/span>\n\t\t\t\t<\/div>\n\t\t\t\t<div class=\"elementor-post__excerpt\">\n\t\t\t<p>Soft Law \u2013 La France peut mieux faire en mati\u00e8re de corruption des parlementaires, juges et procureurs. Le Conseil de<\/p>\n\t\t<\/div>\n\t\t\n\t\t<a class=\"elementor-post__read-more\" href=\"https:\/\/vigo-avocats.com\/en\/veille\/veille-rse-juin-septembre-2018\/\" aria-label=\"Read more about Veille RSE juin &#8211; septembre 2018.\" tabindex=\"-1\" >\n\t\t\tMore info\t\t<\/a>\n\n\t\t\t\t<\/div>\n\t\t\t\t<\/article>\n\t\t\t\t<article class=\"elementor-post elementor-grid-item post-8012 veille type-veille status-publish hentry categories_veille-rse\" role=\"listitem\">\n\t\t\t\t<div class=\"elementor-post__text\">\n\t\t\t\t<h2 class=\"elementor-post__title\">\n\t\t\t<a href=\"https:\/\/vigo-avocats.com\/en\/veille\/veille-rse-2\/\" >\n\t\t\t\tVeille RSE\t\t\t<\/a>\n\t\t<\/h2>\n\t\t\t\t<div class=\"elementor-post__meta-data\">\n\t\t\t\t\t<span class=\"elementor-post-date\">\n\t\t\t2 January 2018\t\t<\/span>\n\t\t\t\t<\/div>\n\t\t\t\t<div class=\"elementor-post__excerpt\">\n\t\t\t<p>Transparence \u2013 Les entreprises se saisissent des enjeux du reporting extra financier Face \u00e0 des obligations de reporting qui se<\/p>\n\t\t<\/div>\n\t\t\n\t\t<a class=\"elementor-post__read-more\" href=\"https:\/\/vigo-avocats.com\/en\/veille\/veille-rse-2\/\" aria-label=\"Read more about Veille RSE\" tabindex=\"-1\" >\n\t\t\tMore info\t\t<\/a>\n\n\t\t\t\t<\/div>\n\t\t\t\t<\/article>\n\t\t\t\t<article class=\"elementor-post elementor-grid-item post-7658 veille type-veille status-publish hentry categories_veille-rse\" role=\"listitem\">\n\t\t\t\t<div class=\"elementor-post__text\">\n\t\t\t\t<h2 class=\"elementor-post__title\">\n\t\t\t<a href=\"https:\/\/vigo-avocats.com\/en\/veille\/veille-rse\/\" >\n\t\t\t\tVeille RSE\t\t\t<\/a>\n\t\t<\/h2>\n\t\t\t\t<div class=\"elementor-post__meta-data\">\n\t\t\t\t\t<span class=\"elementor-post-date\">\n\t\t\t8 August 2017\t\t<\/span>\n\t\t\t\t<\/div>\n\t\t\t\t<div class=\"elementor-post__excerpt\">\n\t\t\t<p>Transparence\u00a0\u2013 Focus sur les bonnes pratiques de reporting extra-financier Les obligations de reporting se multiplient en France et \u00e0 l\u2019\u00e9tranger<\/p>\n\t\t<\/div>\n\t\t\n\t\t<a class=\"elementor-post__read-more\" href=\"https:\/\/vigo-avocats.com\/en\/veille\/veille-rse\/\" aria-label=\"Read more about Veille RSE\" tabindex=\"-1\" >\n\t\t\tMore info\t\t<\/a>\n\n\t\t\t\t<\/div>\n\t\t\t\t<\/article>\n\t\t\t\t<article class=\"elementor-post elementor-grid-item post-7460 veille type-veille status-publish hentry\" role=\"listitem\">\n\t\t\t\t<div class=\"elementor-post__text\">\n\t\t\t\t<h2 class=\"elementor-post__title\">\n\t\t\t<a href=\"https:\/\/vigo-avocats.com\/en\/veille\/veille-rse-avril\/\" >\n\t\t\t\tVeille RSE avril\t\t\t<\/a>\n\t\t<\/h2>\n\t\t\t\t<div class=\"elementor-post__meta-data\">\n\t\t\t\t\t<span class=\"elementor-post-date\">\n\t\t\t16 May 2017\t\t<\/span>\n\t\t\t\t<\/div>\n\t\t\t\t<div class=\"elementor-post__excerpt\">\n\t\t\t<p>Devoir de vigilance \u2013 La loi sur le devoir de vigilance est promulgu\u00e9e La loi n\u00b0 2017-399 du 27 mars<\/p>\n\t\t<\/div>\n\t\t\n\t\t<a class=\"elementor-post__read-more\" href=\"https:\/\/vigo-avocats.com\/en\/veille\/veille-rse-avril\/\" aria-label=\"Read more about Veille RSE avril\" tabindex=\"-1\" >\n\t\t\tMore info\t\t<\/a>\n\n\t\t\t\t<\/div>\n\t\t\t\t<\/article>\n\t\t\t\t<article class=\"elementor-post elementor-grid-item post-6987 veille type-veille status-publish hentry categories_veille-rse\" role=\"listitem\">\n\t\t\t\t<div class=\"elementor-post__text\">\n\t\t\t\t<h2 class=\"elementor-post__title\">\n\t\t\t<a href=\"https:\/\/vigo-avocats.com\/en\/veille\/6987\/\" >\n\t\t\t\tVeille RSE &#8211; D\u00e9cembre 2016\t\t\t<\/a>\n\t\t<\/h2>\n\t\t\t\t<div class=\"elementor-post__meta-data\">\n\t\t\t\t\t<span class=\"elementor-post-date\">\n\t\t\t10 January 2017\t\t<\/span>\n\t\t\t\t<\/div>\n\t\t\t\t<div class=\"elementor-post__excerpt\">\n\t\t\t<p>Donn\u00e9es personnelles \u2013 Les sites de rencontre dans le viseur de la CNIL Fin d\u00e9cembre, la CNIL a condamn\u00e9 Attractive<\/p>\n\t\t<\/div>\n\t\t\n\t\t<a class=\"elementor-post__read-more\" href=\"https:\/\/vigo-avocats.com\/en\/veille\/6987\/\" aria-label=\"Read more about Veille RSE &#8211; D\u00e9cembre 2016\" tabindex=\"-1\" >\n\t\t\tMore info\t\t<\/a>\n\n\t\t\t\t<\/div>\n\t\t\t\t<\/article>\n\t\t\t\t<article class=\"elementor-post elementor-grid-item post-6769 veille type-veille status-publish hentry categories_veille-rse\" role=\"listitem\">\n\t\t\t\t<div class=\"elementor-post__text\">\n\t\t\t\t<h2 class=\"elementor-post__title\">\n\t\t\t<a href=\"https:\/\/vigo-avocats.com\/en\/veille\/veille-rse-octobre-2016\/\" >\n\t\t\t\tVeille RSE &#8211; Octobre 2016\t\t\t<\/a>\n\t\t<\/h2>\n\t\t\t\t<div class=\"elementor-post__meta-data\">\n\t\t\t\t\t<span class=\"elementor-post-date\">\n\t\t\t7 November 2016\t\t<\/span>\n\t\t\t\t<\/div>\n\t\t\t\t<div class=\"elementor-post__excerpt\">\n\t\t\t<p>RSE &amp; Nouvelles technologies \u2013\u00a0 Les messageries class\u00e9es selon leur niveau de protection de la vie priv\u00e9e Amnesty International a<\/p>\n\t\t<\/div>\n\t\t\n\t\t<a class=\"elementor-post__read-more\" href=\"https:\/\/vigo-avocats.com\/en\/veille\/veille-rse-octobre-2016\/\" aria-label=\"Read more about Veille RSE &#8211; Octobre 2016\" tabindex=\"-1\" >\n\t\t\tMore info\t\t<\/a>\n\n\t\t\t\t<\/div>\n\t\t\t\t<\/article>\n\t\t\t\t<article class=\"elementor-post elementor-grid-item post-6683 veille type-veille status-publish hentry categories_veille-rse\" role=\"listitem\">\n\t\t\t\t<div class=\"elementor-post__text\">\n\t\t\t\t<h2 class=\"elementor-post__title\">\n\t\t\t<a href=\"https:\/\/vigo-avocats.com\/en\/veille\/6683\/\" >\n\t\t\t\tDerni\u00e8res nouvelles RSE\t\t\t<\/a>\n\t\t<\/h2>\n\t\t\t\t<div class=\"elementor-post__meta-data\">\n\t\t\t\t\t<span class=\"elementor-post-date\">\n\t\t\t7 October 2016\t\t<\/span>\n\t\t\t\t<\/div>\n\t\t\t\t<div class=\"elementor-post__excerpt\">\n\t\t\t<p>Environnement \u2013 Les crimes environnementaux d\u00e9sormais jug\u00e9s par la Cour P\u00e9nale Internationale Le suspens durait d\u00e9j\u00e0 depuis quelques temps\u00a0: la<\/p>\n\t\t<\/div>\n\t\t\n\t\t<a class=\"elementor-post__read-more\" href=\"https:\/\/vigo-avocats.com\/en\/veille\/6683\/\" aria-label=\"Read more about Derni\u00e8res nouvelles RSE\" tabindex=\"-1\" >\n\t\t\tMore info\t\t<\/a>\n\n\t\t\t\t<\/div>\n\t\t\t\t<\/article>\n\t\t\t\t<article class=\"elementor-post elementor-grid-item post-6618 veille type-veille status-publish hentry categories_veille-rse\" role=\"listitem\">\n\t\t\t\t<div class=\"elementor-post__text\">\n\t\t\t\t<h2 class=\"elementor-post__title\">\n\t\t\t<a href=\"https:\/\/vigo-avocats.com\/en\/veille\/veille-rse-juillet-aout-2016\/\" >\n\t\t\t\tVeille RSE Juillet \u2013 Ao\u00fbt 2016\t\t\t<\/a>\n\t\t<\/h2>\n\t\t\t\t<div class=\"elementor-post__meta-data\">\n\t\t\t\t\t<span class=\"elementor-post-date\">\n\t\t\t7 September 2016\t\t<\/span>\n\t\t\t\t<\/div>\n\t\t\t\t<div class=\"elementor-post__excerpt\">\n\t\t\t<p>Hard law \/ Adoption de la loi pour la reconqu\u00eate de la biodiversit\u00e9, de la nature et des paysages \u00a0Plus<\/p>\n\t\t<\/div>\n\t\t\n\t\t<a class=\"elementor-post__read-more\" href=\"https:\/\/vigo-avocats.com\/en\/veille\/veille-rse-juillet-aout-2016\/\" aria-label=\"Read more about Veille RSE Juillet \u2013 Ao\u00fbt 2016\" tabindex=\"-1\" >\n\t\t\tMore info\t\t<\/a>\n\n\t\t\t\t<\/div>\n\t\t\t\t<\/article>\n\t\t\t\t<article class=\"elementor-post elementor-grid-item post-6526 veille type-veille status-publish hentry categories_veille-rse\" role=\"listitem\">\n\t\t\t\t<div class=\"elementor-post__text\">\n\t\t\t\t<h2 class=\"elementor-post__title\">\n\t\t\t<a href=\"https:\/\/vigo-avocats.com\/en\/veille\/veille-rse-6-juin-19-juin-2016\/\" >\n\t\t\t\tVeille RSE 6 juin \u201319 juin 2016\t\t\t<\/a>\n\t\t<\/h2>\n\t\t\t\t<div class=\"elementor-post__meta-data\">\n\t\t\t\t\t<span class=\"elementor-post-date\">\n\t\t\t1 July 2016\t\t<\/span>\n\t\t\t\t<\/div>\n\t\t\t\t<div class=\"elementor-post__excerpt\">\n\t\t\t<p>Soft law \/ Adoption du guide des bonnes pratiques des entreprises de l\u2019ESS Le Conseil Sup\u00e9rieur de l\u2019\u00c9conomie Sociale et<\/p>\n\t\t<\/div>\n\t\t\n\t\t<a class=\"elementor-post__read-more\" href=\"https:\/\/vigo-avocats.com\/en\/veille\/veille-rse-6-juin-19-juin-2016\/\" aria-label=\"Read more about Veille RSE 6 juin \u201319 juin 2016\" tabindex=\"-1\" >\n\t\t\tMore info\t\t<\/a>\n\n\t\t\t\t<\/div>\n\t\t\t\t<\/article>\n\t\t\t\t<article class=\"elementor-post elementor-grid-item post-6382 veille type-veille status-publish hentry categories_veille-rse\" role=\"listitem\">\n\t\t\t\t<div class=\"elementor-post__text\">\n\t\t\t\t<h2 class=\"elementor-post__title\">\n\t\t\t<a href=\"https:\/\/vigo-avocats.com\/en\/veille\/veille-rse-31-mai-6-juin-2016\/\" >\n\t\t\t\tVeille RSE 31 mai \u2013 6 juin 2016\t\t\t<\/a>\n\t\t<\/h2>\n\t\t\t\t<div class=\"elementor-post__meta-data\">\n\t\t\t\t\t<span class=\"elementor-post-date\">\n\t\t\t6 June 2016\t\t<\/span>\n\t\t\t\t<\/div>\n\t\t\t\t<div class=\"elementor-post__excerpt\">\n\t\t\t<p>Hard law \/ Entr\u00e9e en vigueur du premier trait\u00e9 contraignant contre la p\u00eache ill\u00e9gale Un accord international, consid\u00e9r\u00e9 comme le<\/p>\n\t\t<\/div>\n\t\t\n\t\t<a class=\"elementor-post__read-more\" href=\"https:\/\/vigo-avocats.com\/en\/veille\/veille-rse-31-mai-6-juin-2016\/\" aria-label=\"Read more about Veille RSE 31 mai \u2013 6 juin 2016\" tabindex=\"-1\" >\n\t\t\tMore info\t\t<\/a>\n\n\t\t\t\t<\/div>\n\t\t\t\t<\/article>\n\t\t\t\t<article class=\"elementor-post elementor-grid-item post-6355 veille type-veille status-publish hentry categories_veille-rse\" role=\"listitem\">\n\t\t\t\t<div class=\"elementor-post__text\">\n\t\t\t\t<h2 class=\"elementor-post__title\">\n\t\t\t<a href=\"https:\/\/vigo-avocats.com\/en\/veille\/veille-rse-24-30-mai-2016-2\/\" >\n\t\t\t\tVeille RSE 24 \u201330 mai 2016\t\t\t<\/a>\n\t\t<\/h2>\n\t\t\t\t<div class=\"elementor-post__meta-data\">\n\t\t\t\t\t<span class=\"elementor-post-date\">\n\t\t\t30 May 2016\t\t<\/span>\n\t\t\t\t<\/div>\n\t\t\t\t<div class=\"elementor-post__excerpt\">\n\t\t\t<p>Hard law \/ Lanceurs d\u2019alerte et transaction p\u00e9nale\u00a0: le projet de loi Sapin II examin\u00e9 en commission des lois La<\/p>\n\t\t<\/div>\n\t\t\n\t\t<a class=\"elementor-post__read-more\" href=\"https:\/\/vigo-avocats.com\/en\/veille\/veille-rse-24-30-mai-2016-2\/\" aria-label=\"Read more about Veille RSE 24 \u201330 mai 2016\" tabindex=\"-1\" >\n\t\t\tMore info\t\t<\/a>\n\n\t\t\t\t<\/div>\n\t\t\t\t<\/article>\n\t\t\t\t<article class=\"elementor-post elementor-grid-item post-6383 veille type-veille status-publish hentry\" role=\"listitem\">\n\t\t\t\t<div class=\"elementor-post__text\">\n\t\t\t\t<h2 class=\"elementor-post__title\">\n\t\t\t<a href=\"https:\/\/vigo-avocats.com\/en\/veille\/veille-rse-17-23-mai-2016\/\" >\n\t\t\t\tVeille RSE 17 \u2013 23 mai 2016\t\t\t<\/a>\n\t\t<\/h2>\n\t\t\t\t<div class=\"elementor-post__meta-data\">\n\t\t\t\t\t<span class=\"elementor-post-date\">\n\t\t\t24 May 2016\t\t<\/span>\n\t\t\t\t<\/div>\n\t\t\t\t<div class=\"elementor-post__excerpt\">\n\t\t\t<p>Compliance \/ Des manquements graves relev\u00e9s pour 19 cha\u00eenes d\u2019abattage sur 460 Le ministre de l\u2019agriculture avait ordonn\u00e9 une inspection<\/p>\n\t\t<\/div>\n\t\t\n\t\t<a class=\"elementor-post__read-more\" href=\"https:\/\/vigo-avocats.com\/en\/veille\/veille-rse-17-23-mai-2016\/\" aria-label=\"Read more about Veille RSE 17 \u2013 23 mai 2016\" tabindex=\"-1\" >\n\t\t\tMore info\t\t<\/a>\n\n\t\t\t\t<\/div>\n\t\t\t\t<\/article>\n\t\t\t\t<article class=\"elementor-post elementor-grid-item post-6282 veille type-veille status-publish hentry categories_veille-rse\" role=\"listitem\">\n\t\t\t\t<div class=\"elementor-post__text\">\n\t\t\t\t<h2 class=\"elementor-post__title\">\n\t\t\t<a href=\"https:\/\/vigo-avocats.com\/en\/veille\/veille-rse-30-avril-16-mai-2016\/\" >\n\t\t\t\tVeille RSE 30 avril \u2013 16 mai 2016\t\t\t<\/a>\n\t\t<\/h2>\n\t\t\t\t<div class=\"elementor-post__meta-data\">\n\t\t\t\t\t<span class=\"elementor-post-date\">\n\t\t\t17 May 2016\t\t<\/span>\n\t\t\t\t<\/div>\n\t\t\t\t<div class=\"elementor-post__excerpt\">\n\t\t\t<p>Soft law \/ La Banque de France introduit la RSE dans sa cotation des entreprises La Banque de France vient<\/p>\n\t\t<\/div>\n\t\t\n\t\t<a class=\"elementor-post__read-more\" href=\"https:\/\/vigo-avocats.com\/en\/veille\/veille-rse-30-avril-16-mai-2016\/\" aria-label=\"Read more about Veille RSE 30 avril \u2013 16 mai 2016\" tabindex=\"-1\" >\n\t\t\tMore info\t\t<\/a>\n\n\t\t\t\t<\/div>\n\t\t\t\t<\/article>\n\t\t\t\t<\/div>\n\t\t\n\t\t\t\t<div class=\"e-load-more-anchor\" data-page=\"1\" data-max-page=\"3\" data-next-page=\"https:\/\/vigo-avocats.com\/en\/wp-json\/wp\/v2\/pages\/18848\/page\/2\/\"><\/div>\n\t\t\t\t<nav class=\"elementor-pagination\" aria-label=\"Pagination\">\n\t\t\t<span class=\"page-numbers prev\">Previous<\/span>\n<span aria-current=\"page\" class=\"page-numbers current\"><span class=\"elementor-screen-only\">Page<\/span>1<\/span>\n<a class=\"page-numbers\" href=\"https:\/\/vigo-avocats.com\/en\/wp-json\/wp\/v2\/pages\/18848\/page\/2\/\"><span class=\"elementor-screen-only\">Page<\/span>2<\/a>\n<a class=\"page-numbers\" href=\"https:\/\/vigo-avocats.com\/en\/wp-json\/wp\/v2\/pages\/18848\/page\/3\/\"><span class=\"elementor-screen-only\">Page<\/span>3<\/a>\n<a class=\"page-numbers next\" href=\"https:\/\/vigo-avocats.com\/en\/wp-json\/wp\/v2\/pages\/18848\/page\/2\/\">Next<\/a>\t\t<\/nav>\n\t\t\t\t\t\t<\/div>\n\t\t\t\t<\/div>\n\t\t\t\t\t<\/div>\n\t\t<\/div>\n\t\t\t\t\t<\/div>\n\t\t<\/section>\n\t\t\t\t<\/div>\n\t\t","protected":false},"excerpt":{"rendered":"<p>CSR law watch<\/p>\n","protected":false},"author":87,"featured_media":0,"parent":18210,"menu_order":0,"comment_status":"closed","ping_status":"closed","template":"","meta":{"_acf_changed":false,"footnotes":""},"coauthors":[375],"class_list":["post-18848","page","type-page","status-publish","hentry"],"acf":[],"yoast_head":"<!-- This site is optimized with the Yoast SEO plugin v26.8 - https:\/\/yoast.com\/product\/yoast-seo-wordpress\/ -->\n<title>CSR law watch - Vigo<\/title>\n<meta name=\"robots\" content=\"index, follow, max-snippet:-1, max-image-preview:large, max-video-preview:-1\" \/>\n<link rel=\"canonical\" href=\"https:\/\/vigo-avocats.com\/en\/csr\/csr-law-watch\/\" \/>\n<meta property=\"og:locale\" content=\"en_US\" \/>\n<meta property=\"og:type\" content=\"article\" \/>\n<meta property=\"og:title\" content=\"CSR law watch - Vigo\" \/>\n<meta property=\"og:description\" content=\"CSR law watch\" \/>\n<meta property=\"og:url\" content=\"https:\/\/vigo-avocats.com\/en\/csr\/csr-law-watch\/\" \/>\n<meta property=\"og:site_name\" content=\"Vigo\" \/>\n<meta property=\"article:modified_time\" content=\"2021-02-23T10:25:10+00:00\" \/>\n<meta name=\"twitter:label1\" content=\"Written by\" \/>\n\t<meta name=\"twitter:data1\" content=\"admin_vigo\" \/>\n<script type=\"application\/ld+json\" class=\"yoast-schema-graph\">{\"@context\":\"https:\/\/schema.org\",\"@graph\":[{\"@type\":\"WebPage\",\"@id\":\"https:\/\/vigo-avocats.com\/en\/csr\/csr-law-watch\/\",\"url\":\"https:\/\/vigo-avocats.com\/en\/csr\/csr-law-watch\/\",\"name\":\"CSR law watch - Vigo\",\"isPartOf\":{\"@id\":\"https:\/\/vigo-avocats.com\/en\/#website\"},\"datePublished\":\"2021-02-23T10:25:08+00:00\",\"dateModified\":\"2021-02-23T10:25:10+00:00\",\"breadcrumb\":{\"@id\":\"https:\/\/vigo-avocats.com\/en\/csr\/csr-law-watch\/#breadcrumb\"},\"inLanguage\":\"en-US\",\"potentialAction\":[{\"@type\":\"ReadAction\",\"target\":[\"https:\/\/vigo-avocats.com\/en\/csr\/csr-law-watch\/\"]}]},{\"@type\":\"BreadcrumbList\",\"@id\":\"https:\/\/vigo-avocats.com\/en\/csr\/csr-law-watch\/#breadcrumb\",\"itemListElement\":[{\"@type\":\"ListItem\",\"position\":1,\"name\":\"Accueil\",\"item\":\"https:\/\/vigo-avocats.com\/en\/\"},{\"@type\":\"ListItem\",\"position\":2,\"name\":\"CSR\",\"item\":\"https:\/\/vigo-avocats.com\/en\/csr\/\"},{\"@type\":\"ListItem\",\"position\":3,\"name\":\"CSR law watch\"}]},{\"@type\":\"WebSite\",\"@id\":\"https:\/\/vigo-avocats.com\/en\/#website\",\"url\":\"https:\/\/vigo-avocats.com\/en\/\",\"name\":\"Vigo\",\"description\":\"Cabinet d&#039;avocats\",\"potentialAction\":[{\"@type\":\"SearchAction\",\"target\":{\"@type\":\"EntryPoint\",\"urlTemplate\":\"https:\/\/vigo-avocats.com\/en\/?s={search_term_string}\"},\"query-input\":{\"@type\":\"PropertyValueSpecification\",\"valueRequired\":true,\"valueName\":\"search_term_string\"}}],\"inLanguage\":\"en-US\"}]}<\/script>\n<!-- \/ Yoast SEO plugin. -->","yoast_head_json":{"title":"CSR law watch - Vigo","robots":{"index":"index","follow":"follow","max-snippet":"max-snippet:-1","max-image-preview":"max-image-preview:large","max-video-preview":"max-video-preview:-1"},"canonical":"https:\/\/vigo-avocats.com\/en\/csr\/csr-law-watch\/","og_locale":"en_US","og_type":"article","og_title":"CSR law watch - Vigo","og_description":"CSR law watch","og_url":"https:\/\/vigo-avocats.com\/en\/csr\/csr-law-watch\/","og_site_name":"Vigo","article_modified_time":"2021-02-23T10:25:10+00:00","twitter_misc":{"Written by":"admin_vigo"},"schema":{"@context":"https:\/\/schema.org","@graph":[{"@type":"WebPage","@id":"https:\/\/vigo-avocats.com\/en\/csr\/csr-law-watch\/","url":"https:\/\/vigo-avocats.com\/en\/csr\/csr-law-watch\/","name":"CSR law watch - Vigo","isPartOf":{"@id":"https:\/\/vigo-avocats.com\/en\/#website"},"datePublished":"2021-02-23T10:25:08+00:00","dateModified":"2021-02-23T10:25:10+00:00","breadcrumb":{"@id":"https:\/\/vigo-avocats.com\/en\/csr\/csr-law-watch\/#breadcrumb"},"inLanguage":"en-US","potentialAction":[{"@type":"ReadAction","target":["https:\/\/vigo-avocats.com\/en\/csr\/csr-law-watch\/"]}]},{"@type":"BreadcrumbList","@id":"https:\/\/vigo-avocats.com\/en\/csr\/csr-law-watch\/#breadcrumb","itemListElement":[{"@type":"ListItem","position":1,"name":"Accueil","item":"https:\/\/vigo-avocats.com\/en\/"},{"@type":"ListItem","position":2,"name":"CSR","item":"https:\/\/vigo-avocats.com\/en\/csr\/"},{"@type":"ListItem","position":3,"name":"CSR law watch"}]},{"@type":"WebSite","@id":"https:\/\/vigo-avocats.com\/en\/#website","url":"https:\/\/vigo-avocats.com\/en\/","name":"Vigo","description":"Cabinet d&#039;avocats","potentialAction":[{"@type":"SearchAction","target":{"@type":"EntryPoint","urlTemplate":"https:\/\/vigo-avocats.com\/en\/?s={search_term_string}"},"query-input":{"@type":"PropertyValueSpecification","valueRequired":true,"valueName":"search_term_string"}}],"inLanguage":"en-US"}]}},"_links":{"self":[{"href":"https:\/\/vigo-avocats.com\/en\/wp-json\/wp\/v2\/pages\/18848","targetHints":{"allow":["GET"]}}],"collection":[{"href":"https:\/\/vigo-avocats.com\/en\/wp-json\/wp\/v2\/pages"}],"about":[{"href":"https:\/\/vigo-avocats.com\/en\/wp-json\/wp\/v2\/types\/page"}],"author":[{"embeddable":true,"href":"https:\/\/vigo-avocats.com\/en\/wp-json\/wp\/v2\/users\/87"}],"replies":[{"embeddable":true,"href":"https:\/\/vigo-avocats.com\/en\/wp-json\/wp\/v2\/comments?post=18848"}],"version-history":[{"count":1,"href":"https:\/\/vigo-avocats.com\/en\/wp-json\/wp\/v2\/pages\/18848\/revisions"}],"predecessor-version":[{"id":18849,"href":"https:\/\/vigo-avocats.com\/en\/wp-json\/wp\/v2\/pages\/18848\/revisions\/18849"}],"up":[{"embeddable":true,"href":"https:\/\/vigo-avocats.com\/en\/wp-json\/wp\/v2\/pages\/18210"}],"wp:attachment":[{"href":"https:\/\/vigo-avocats.com\/en\/wp-json\/wp\/v2\/media?parent=18848"}],"wp:term":[{"taxonomy":"author","embeddable":true,"href":"https:\/\/vigo-avocats.com\/en\/wp-json\/wp\/v2\/coauthors?post=18848"}],"curies":[{"name":"wp","href":"https:\/\/api.w.org\/{rel}","templated":true}]}}