{"id":18850,"date":"2021-02-23T11:25:10","date_gmt":"2021-02-23T10:25:10","guid":{"rendered":"http:\/\/vigo-avocats.com\/all-news\/life-of-the-vigo-law-office\/"},"modified":"2021-03-01T12:45:25","modified_gmt":"2021-03-01T11:45:25","slug":"life-of-the-vigo-law-office","status":"publish","type":"page","link":"https:\/\/vigo-avocats.com\/en\/all-news\/life-of-the-vigo-law-office\/","title":{"rendered":"Life of the vigo law office"},"content":{"rendered":"\t\t<div data-elementor-type=\"wp-page\" data-elementor-id=\"18850\" class=\"elementor elementor-18850 elementor-2522\" data-elementor-post-type=\"page\">\n\t\t\t\t\t\t<section class=\"elementor-section elementor-top-section elementor-element elementor-element-7eb7a29 elementor-section-boxed elementor-section-height-default elementor-section-height-default qodef-elementor-content-no\" data-id=\"7eb7a29\" data-element_type=\"section\">\n\t\t\t\t\t\t<div class=\"elementor-container elementor-column-gap-default\">\n\t\t\t\t\t<div class=\"elementor-column elementor-col-100 elementor-top-column elementor-element elementor-element-1b05633\" data-id=\"1b05633\" data-element_type=\"column\">\n\t\t\t<div class=\"elementor-widget-wrap elementor-element-populated\">\n\t\t\t\t\t\t<div class=\"elementor-element elementor-element-c66f13c elementor-align-left elementor-widget elementor-widget-breadcrumbs\" data-id=\"c66f13c\" data-element_type=\"widget\" data-widget_type=\"breadcrumbs.default\">\n\t\t\t\t<div class=\"elementor-widget-container\">\n\t\t\t\t\t<div id=\"breadcrumbs\"><span><span><a href=\"https:\/\/vigo-avocats.com\/en\/\">Accueil<\/a><\/span><\/span><\/div>\t\t\t\t<\/div>\n\t\t\t\t<\/div>\n\t\t\t\t\t<\/div>\n\t\t<\/div>\n\t\t\t\t\t<\/div>\n\t\t<\/section>\n\t\t\t\t<section class=\"elementor-section elementor-top-section elementor-element elementor-element-b8c5502 elementor-section-boxed elementor-section-height-default elementor-section-height-default qodef-elementor-content-no\" data-id=\"b8c5502\" data-element_type=\"section\">\n\t\t\t\t\t\t<div class=\"elementor-container elementor-column-gap-default\">\n\t\t\t\t\t<div class=\"elementor-column elementor-col-100 elementor-top-column elementor-element elementor-element-9105fee\" data-id=\"9105fee\" data-element_type=\"column\">\n\t\t\t<div class=\"elementor-widget-wrap elementor-element-populated\">\n\t\t\t\t\t\t<div class=\"elementor-element elementor-element-7782861 elementor-widget__width-initial elementor-widget-tablet__width-inherit elementor-widget elementor-widget-borgholm_core_section_title\" data-id=\"7782861\" data-element_type=\"widget\" data-widget_type=\"borgholm_core_section_title.default\">\n\t\t\t\t<div class=\"elementor-widget-container\">\n\t\t\t\t\t<div class=\"qodef-shortcode qodef-m  qodef-section-title qodef-alignment--left   qodef-animate-special-style\">\n\t\t\t<h1 class=\"qodef-m-title\" >\n\t\t\t\t\tLife of <span class=\"qodef-special-style\">the<\/span> <span class=\"qodef-special-style\">vigo<\/span> <span class=\"qodef-special-style\">law<\/span> <span class=\"qodef-special-style\">office<\/span>\t\t\t<\/h1>\n\t\t<\/div>\t\t\t\t<\/div>\n\t\t\t\t<\/div>\n\t\t\t\t\t<\/div>\n\t\t<\/div>\n\t\t\t\t\t<\/div>\n\t\t<\/section>\n\t\t\t\t<section class=\"elementor-section elementor-top-section elementor-element elementor-element-67b4246 elementor-section-boxed elementor-section-height-default elementor-section-height-default qodef-elementor-content-no\" data-id=\"67b4246\" data-element_type=\"section\">\n\t\t\t\t\t\t<div class=\"elementor-container elementor-column-gap-default\">\n\t\t\t\t\t<div class=\"elementor-column elementor-col-100 elementor-top-column elementor-element elementor-element-fd1da28\" data-id=\"fd1da28\" data-element_type=\"column\">\n\t\t\t<div class=\"elementor-widget-wrap elementor-element-populated\">\n\t\t\t\t\t\t<div class=\"elementor-element elementor-element-4f7a0f7 elementor-grid-2 elementor-grid-tablet-2 elementor-grid-mobile-1 elementor-posts--thumbnail-top elementor-widget elementor-widget-posts\" data-id=\"4f7a0f7\" data-element_type=\"widget\" data-settings=\"{&quot;classic_columns&quot;:&quot;2&quot;,&quot;pagination_type&quot;:&quot;numbers_and_prev_next&quot;,&quot;classic_row_gap&quot;:{&quot;unit&quot;:&quot;px&quot;,&quot;size&quot;:60,&quot;sizes&quot;:[]},&quot;classic_columns_tablet&quot;:&quot;2&quot;,&quot;classic_columns_mobile&quot;:&quot;1&quot;,&quot;classic_row_gap_tablet&quot;:{&quot;unit&quot;:&quot;px&quot;,&quot;size&quot;:&quot;&quot;,&quot;sizes&quot;:[]},&quot;classic_row_gap_mobile&quot;:{&quot;unit&quot;:&quot;px&quot;,&quot;size&quot;:&quot;&quot;,&quot;sizes&quot;:[]}}\" data-widget_type=\"posts.classic\">\n\t\t\t\t<div class=\"elementor-widget-container\">\n\t\t\t\t\t\t\t<div class=\"elementor-posts-container elementor-posts elementor-posts--skin-classic elementor-grid\" role=\"list\">\n\t\t\t\t<article class=\"elementor-post elementor-grid-item post-41701 post type-post status-publish format-standard hentry\" role=\"listitem\">\n\t\t\t\t<div class=\"elementor-post__text\">\n\t\t\t\t<h2 class=\"elementor-post__title\">\n\t\t\t<a href=\"https:\/\/vigo-avocats.com\/en\/emmanuel-daoud-recommande-band-2-par-chambers-partners-dans-son-classement-2026\/\" >\n\t\t\t\tEmmanuel Daoud recommand\u00e9 Band 2 par Chambers &#038; Partners dans son classement 2026\t\t\t<\/a>\n\t\t<\/h2>\n\t\t\t\t<div class=\"elementor-post__meta-data\">\n\t\t\t\t\t<span class=\"elementor-post-date\">\n\t\t\t10 February 2026\t\t<\/span>\n\t\t\t\t<\/div>\n\t\t\t\t<div class=\"elementor-post__excerpt\">\n\t\t\t<p>Chambers &amp; Partners recommande Emmanuel Daoud en white collard crime dans son classement 2026. Emmanuel Daoud est largement reconnu pour son expertise consid\u00e9rable dans le<\/p>\n\t\t<\/div>\n\t\t\n\t\t<a class=\"elementor-post__read-more\" href=\"https:\/\/vigo-avocats.com\/en\/emmanuel-daoud-recommande-band-2-par-chambers-partners-dans-son-classement-2026\/\" aria-label=\"Read more about Emmanuel Daoud recommand\u00e9 Band 2 par Chambers &#038; Partners dans son classement 2026\" tabindex=\"-1\" >\n\t\t\tRead more\t\t<\/a>\n\n\t\t\t\t<\/div>\n\t\t\t\t<\/article>\n\t\t\t\t<article class=\"elementor-post elementor-grid-item post-41623 post type-post status-publish format-standard hentry\" role=\"listitem\">\n\t\t\t\t<div class=\"elementor-post__text\">\n\t\t\t\t<h2 class=\"elementor-post__title\">\n\t\t\t<a href=\"https:\/\/vigo-avocats.com\/en\/le-cabinet-vigo-recommande-band-3-par-chambers-partners-dans-son-classement-2026\/\" >\n\t\t\t\tLe cabinet Vigo recommand\u00e9 Band 3 par Chambers &#038; Partners dans son classement 2026\t\t\t<\/a>\n\t\t<\/h2>\n\t\t\t\t<div class=\"elementor-post__meta-data\">\n\t\t\t\t\t<span class=\"elementor-post-date\">\n\t\t\t10 February 2026\t\t<\/span>\n\t\t\t\t<\/div>\n\t\t\t\t<div class=\"elementor-post__excerpt\">\n\t\t\t<p>Chambers &amp; Partners recommande le cabinet Vigo dans la cat\u00e9gorie White-collar crime dans son classement 2026. VIGO Cabinet d&#8217;avocats est r\u00e9put\u00e9 pour sa pratique en<\/p>\n\t\t<\/div>\n\t\t\n\t\t<a class=\"elementor-post__read-more\" href=\"https:\/\/vigo-avocats.com\/en\/le-cabinet-vigo-recommande-band-3-par-chambers-partners-dans-son-classement-2026\/\" aria-label=\"Read more about Le cabinet Vigo recommand\u00e9 Band 3 par Chambers &#038; Partners dans son classement 2026\" tabindex=\"-1\" >\n\t\t\tRead more\t\t<\/a>\n\n\t\t\t\t<\/div>\n\t\t\t\t<\/article>\n\t\t\t\t<article class=\"elementor-post elementor-grid-item post-41641 post type-post status-publish format-standard hentry category-actualites-du-cabinet\" role=\"listitem\">\n\t\t\t\t<div class=\"elementor-post__text\">\n\t\t\t\t<h2 class=\"elementor-post__title\">\n\t\t\t<a href=\"https:\/\/vigo-avocats.com\/en\/vigo-et-dastra-sassocient-dans-le-cadre-dun-partenariat\/\" >\n\t\t\t\tVigo et Dastra s&#8217;associent dans le cadre d&#8217;un partenariat\t\t\t<\/a>\n\t\t<\/h2>\n\t\t\t\t<div class=\"elementor-post__meta-data\">\n\t\t\t\t\t<span class=\"elementor-post-date\">\n\t\t\t10 February 2026\t\t<\/span>\n\t\t\t\t<\/div>\n\t\t\t\t<div class=\"elementor-post__excerpt\">\n\t\t\t<p>Le Cabinet Vigo a le plaisir d&#8217;annoncer la cr\u00e9ation d&#8217;un partenariat avec Dastra, \u00e9diteur d&#8217;un logiciel d\u00e9di\u00e9 \u00e0 la gestion de la conformit\u00e9 r\u00e8glementaire de<\/p>\n\t\t<\/div>\n\t\t\n\t\t<a class=\"elementor-post__read-more\" href=\"https:\/\/vigo-avocats.com\/en\/vigo-et-dastra-sassocient-dans-le-cadre-dun-partenariat\/\" aria-label=\"Read more about Vigo et Dastra s&#8217;associent dans le cadre d&#8217;un partenariat\" tabindex=\"-1\" >\n\t\t\tRead more\t\t<\/a>\n\n\t\t\t\t<\/div>\n\t\t\t\t<\/article>\n\t\t\t\t<article class=\"elementor-post elementor-grid-item post-41636 post type-post status-publish format-standard hentry category-actualites-du-cabinet\" role=\"listitem\">\n\t\t\t\t<div class=\"elementor-post__text\">\n\t\t\t\t<h2 class=\"elementor-post__title\">\n\t\t\t<a href=\"https:\/\/vigo-avocats.com\/en\/partenariat-vigo-x-dastra\/\" >\n\t\t\t\tPartenariat Vigo x Dastra\t\t\t<\/a>\n\t\t<\/h2>\n\t\t\t\t<div class=\"elementor-post__meta-data\">\n\t\t\t\t\t<span class=\"elementor-post-date\">\n\t\t\t10 February 2026\t\t<\/span>\n\t\t\t\t<\/div>\n\t\t\t\t<div class=\"elementor-post__excerpt\">\n\t\t\t<p>Le Cabinet Vigo partage d\u00e9sormais chaque mois des conseils juridiques pour aider les organisations \u00e0 g\u00e9rer les situations sensibles li\u00e9es \u00e0 l\u2019usage de l\u2019intelligence artificielle<\/p>\n\t\t<\/div>\n\t\t\n\t\t<a class=\"elementor-post__read-more\" href=\"https:\/\/vigo-avocats.com\/en\/partenariat-vigo-x-dastra\/\" aria-label=\"Read more about Partenariat Vigo x Dastra\" tabindex=\"-1\" >\n\t\t\tRead more\t\t<\/a>\n\n\t\t\t\t<\/div>\n\t\t\t\t<\/article>\n\t\t\t\t<article class=\"elementor-post elementor-grid-item post-41448 post type-post status-publish format-standard hentry category-actualites-du-cabinet tag-distinction\" role=\"listitem\">\n\t\t\t\t<div class=\"elementor-post__text\">\n\t\t\t\t<h2 class=\"elementor-post__title\">\n\t\t\t<a href=\"https:\/\/vigo-avocats.com\/en\/distinction-le-cabinet-vigo-obtient-4-trophees-au-sommet-du-droit-2026\/\" >\n\t\t\t\tDISTINCTION : Le cabinet Vigo distingu\u00e9 lors des Troph\u00e9es du Droit 2026\t\t\t<\/a>\n\t\t<\/h2>\n\t\t\t\t<div class=\"elementor-post__meta-data\">\n\t\t\t\t\t<span class=\"elementor-post-date\">\n\t\t\t2 February 2026\t\t<\/span>\n\t\t\t\t<\/div>\n\t\t\t\t<div class=\"elementor-post__excerpt\">\n\t\t\t<p>Le cabinet Vigo est tr\u00e8s honor\u00e9 d\u2019avoir re\u00e7u, lors de la c\u00e9r\u00e9monie \u00ab Troph\u00e9es du Droit \u00bb de 2026 organis\u00e9e par D\u00e9cideurs Magazine\u00a0et Leaders League\u00a0:<\/p>\n\t\t<\/div>\n\t\t\n\t\t<a class=\"elementor-post__read-more\" href=\"https:\/\/vigo-avocats.com\/en\/distinction-le-cabinet-vigo-obtient-4-trophees-au-sommet-du-droit-2026\/\" aria-label=\"Read more about DISTINCTION : Le cabinet Vigo distingu\u00e9 lors des Troph\u00e9es du Droit 2026\" tabindex=\"-1\" >\n\t\t\tRead more\t\t<\/a>\n\n\t\t\t\t<\/div>\n\t\t\t\t<\/article>\n\t\t\t\t<article class=\"elementor-post elementor-grid-item post-40997 post type-post status-publish format-standard hentry tag-distinction\" role=\"listitem\">\n\t\t\t\t<div class=\"elementor-post__text\">\n\t\t\t\t<h2 class=\"elementor-post__title\">\n\t\t\t<a href=\"https:\/\/vigo-avocats.com\/en\/distinction-le-cabinet-vigo-figure-au-palmares-2025-de-decideurs-leaders-league\/\" >\n\t\t\t\tDISTINCTION : Le cabinet VIGO figure au palmar\u00e8s 2025 du classement \u00ab Compliance, Fraude &#038; investigations \u00bb de D\u00e9cideurs Leaders League\t\t\t<\/a>\n\t\t<\/h2>\n\t\t\t\t<div class=\"elementor-post__meta-data\">\n\t\t\t\t\t<span class=\"elementor-post-date\">\n\t\t\t12 December 2025\t\t<\/span>\n\t\t\t\t<\/div>\n\t\t\t\t<div class=\"elementor-post__excerpt\">\n\t\t\t<p>Le cabinet est class\u00e9 \u00ab Excellent \u00bb dans les cat\u00e9gories \u00ab Programmes de conformit\u00e9 \u00bb\u00a0et \u00ab Enqu\u00eates internes \u00bb, et figure dans la cat\u00e9gorie \u00ab<\/p>\n\t\t<\/div>\n\t\t\n\t\t<a class=\"elementor-post__read-more\" href=\"https:\/\/vigo-avocats.com\/en\/distinction-le-cabinet-vigo-figure-au-palmares-2025-de-decideurs-leaders-league\/\" aria-label=\"Read more about DISTINCTION : Le cabinet VIGO figure au palmar\u00e8s 2025 du classement \u00ab Compliance, Fraude &#038; investigations \u00bb de D\u00e9cideurs Leaders League\" tabindex=\"-1\" >\n\t\t\tRead more\t\t<\/a>\n\n\t\t\t\t<\/div>\n\t\t\t\t<\/article>\n\t\t\t\t<article class=\"elementor-post elementor-grid-item post-41632 post type-post status-publish format-standard hentry\" role=\"listitem\">\n\t\t\t\t<div class=\"elementor-post__text\">\n\t\t\t\t<h2 class=\"elementor-post__title\">\n\t\t\t<a href=\"https:\/\/vigo-avocats.com\/en\/decideurs-magazine-place-le-cabinet-vigo-en-forte-notoriete-dans-la-categorie-energie-environnement-contentieux-de-lenvironnement-2\/\" >\n\t\t\t\tD\u00e9cideurs magazine place le cabinet VIGO en forte notori\u00e9t\u00e9 dans la cat\u00e9gorie &#8221; Energie &#038; Environnement &#8211; Contentieux de l&#8217;environnement &#8220;\t\t\t<\/a>\n\t\t<\/h2>\n\t\t\t\t<div class=\"elementor-post__meta-data\">\n\t\t\t\t\t<span class=\"elementor-post-date\">\n\t\t\t10 December 2025\t\t<\/span>\n\t\t\t\t<\/div>\n\t\t\t\t<div class=\"elementor-post__excerpt\">\n\t\t\t<p>D\u00e9cideurs magazine, dans le classement 2025,\u00a0 place le cabinet VIGO en forte notori\u00e9t\u00e9 dans la cat\u00e9gorie &#8221; Energie &amp; Environnement &#8211; Contentieux de l&#8217;environnement &#8220;<\/p>\n\t\t<\/div>\n\t\t\n\t\t<a class=\"elementor-post__read-more\" href=\"https:\/\/vigo-avocats.com\/en\/decideurs-magazine-place-le-cabinet-vigo-en-forte-notoriete-dans-la-categorie-energie-environnement-contentieux-de-lenvironnement-2\/\" aria-label=\"Read more about D\u00e9cideurs magazine place le cabinet VIGO en forte notori\u00e9t\u00e9 dans la cat\u00e9gorie &#8221; Energie &#038; Environnement &#8211; Contentieux de l&#8217;environnement &#8220;\" tabindex=\"-1\" >\n\t\t\tRead more\t\t<\/a>\n\n\t\t\t\t<\/div>\n\t\t\t\t<\/article>\n\t\t\t\t<article class=\"elementor-post elementor-grid-item post-41627 post type-post status-publish format-standard hentry\" role=\"listitem\">\n\t\t\t\t<div class=\"elementor-post__text\">\n\t\t\t\t<h2 class=\"elementor-post__title\">\n\t\t\t<a href=\"https:\/\/vigo-avocats.com\/en\/decideurs-magazine-place-le-cabinet-vigo-en-excellent-dans-la-categorie-energie-environnement-droit-des-energies-renouvelables-2\/\" >\n\t\t\t\tD\u00e9cideurs magazine place le cabinet VIGO en excellent dans la cat\u00e9gorie &#8221; Energie &#038; Environnement &#8211; Droit des \u00e9nergies renouvelables &#8220;\t\t\t<\/a>\n\t\t<\/h2>\n\t\t\t\t<div class=\"elementor-post__meta-data\">\n\t\t\t\t\t<span class=\"elementor-post-date\">\n\t\t\t10 December 2025\t\t<\/span>\n\t\t\t\t<\/div>\n\t\t\t\t<div class=\"elementor-post__excerpt\">\n\t\t\t<p>D\u00e9cideurs magazine, dans le classement 2025,\u00a0 place le cabinet VIGO en pratique excellent dans la cat\u00e9gorie &#8220;Energie &amp; Environnement &#8211; Droit des \u00e9nergies renouvelables &#8221;<\/p>\n\t\t<\/div>\n\t\t\n\t\t<a class=\"elementor-post__read-more\" href=\"https:\/\/vigo-avocats.com\/en\/decideurs-magazine-place-le-cabinet-vigo-en-excellent-dans-la-categorie-energie-environnement-droit-des-energies-renouvelables-2\/\" aria-label=\"Read more about D\u00e9cideurs magazine place le cabinet VIGO en excellent dans la cat\u00e9gorie &#8221; Energie &#038; Environnement &#8211; Droit des \u00e9nergies renouvelables &#8220;\" tabindex=\"-1\" >\n\t\t\tRead more\t\t<\/a>\n\n\t\t\t\t<\/div>\n\t\t\t\t<\/article>\n\t\t\t\t<article class=\"elementor-post elementor-grid-item post-35631 post type-post status-publish format-standard hentry category-actualites-du-cabinet\" role=\"listitem\">\n\t\t\t\t<div class=\"elementor-post__text\">\n\t\t\t\t<h2 class=\"elementor-post__title\">\n\t\t\t<a href=\"https:\/\/vigo-avocats.com\/en\/best-lawyers-dans-son-edition-2026-distingue-emmanuel-daoud-emmanuel-mercinier-pantalacci-julie-ferrari-et-christine-carpentier\/\" >\n\t\t\t\tBest Lawyers dans son \u00e9dition 2026 distingue Emmanuel Daoud, Emmanuel Mercinier-Pantalacci, Julie Ferrari et Christine Carpentier\t\t\t<\/a>\n\t\t<\/h2>\n\t\t\t\t<div class=\"elementor-post__meta-data\">\n\t\t\t\t\t<span class=\"elementor-post-date\">\n\t\t\t3 July 2025\t\t<\/span>\n\t\t\t\t<\/div>\n\t\t\t\t<div class=\"elementor-post__excerpt\">\n\t\t\t<p>La revue juridique am\u00e9ricaine &#8221; Best Lawyers &#8221; r\u00e9alise son classement annuel des meilleurs avocats fran\u00e7ais reconnus par leurs pairs. Emmanuel Daoud, Emmanuel Mercinier-Pantalacci, Julie<\/p>\n\t\t<\/div>\n\t\t\n\t\t<a class=\"elementor-post__read-more\" href=\"https:\/\/vigo-avocats.com\/en\/best-lawyers-dans-son-edition-2026-distingue-emmanuel-daoud-emmanuel-mercinier-pantalacci-julie-ferrari-et-christine-carpentier\/\" aria-label=\"Read more about Best Lawyers dans son \u00e9dition 2026 distingue Emmanuel Daoud, Emmanuel Mercinier-Pantalacci, Julie Ferrari et Christine Carpentier\" tabindex=\"-1\" >\n\t\t\tRead more\t\t<\/a>\n\n\t\t\t\t<\/div>\n\t\t\t\t<\/article>\n\t\t\t\t<article class=\"elementor-post elementor-grid-item post-35701 post type-post status-publish format-standard hentry\" role=\"listitem\">\n\t\t\t\t<div class=\"elementor-post__text\">\n\t\t\t\t<h2 class=\"elementor-post__title\">\n\t\t\t<a href=\"https:\/\/vigo-avocats.com\/en\/decideurs-magazine-place-le-cabinet-vigo-en-incontournable-dans-la-categorie-contentieux-arbitrage-droit-penal-du-travail\/\" >\n\t\t\t\tD\u00e9cideurs magazine place le cabinet VIGO en excellent dans la cat\u00e9gorie &#8220;Contentieux &#038; Arbitrage &#8211; Droit p\u00e9nal du travail&#8221;\t\t\t<\/a>\n\t\t<\/h2>\n\t\t\t\t<div class=\"elementor-post__meta-data\">\n\t\t\t\t\t<span class=\"elementor-post-date\">\n\t\t\t5 June 2025\t\t<\/span>\n\t\t\t\t<\/div>\n\t\t\t\t<div class=\"elementor-post__excerpt\">\n\t\t\t<p>D\u00e9cideurs magazine, dans le classement 2025,\u00a0 place le cabinet VIGO en excellent dans la cat\u00e9gorie &#8221; Contentieux &amp; Arbitrage &#8211; Droit p\u00e9nal du travail &#8220;.<\/p>\n\t\t<\/div>\n\t\t\n\t\t<a class=\"elementor-post__read-more\" href=\"https:\/\/vigo-avocats.com\/en\/decideurs-magazine-place-le-cabinet-vigo-en-incontournable-dans-la-categorie-contentieux-arbitrage-droit-penal-du-travail\/\" aria-label=\"Read more about D\u00e9cideurs magazine place le cabinet VIGO en excellent dans la cat\u00e9gorie &#8220;Contentieux &#038; Arbitrage &#8211; Droit p\u00e9nal du travail&#8221;\" tabindex=\"-1\" >\n\t\t\tRead more\t\t<\/a>\n\n\t\t\t\t<\/div>\n\t\t\t\t<\/article>\n\t\t\t\t<\/div>\n\t\t\n\t\t\t\t<div class=\"e-load-more-anchor\" data-page=\"1\" data-max-page=\"18\" data-next-page=\"https:\/\/vigo-avocats.com\/en\/wp-json\/wp\/v2\/pages\/18850\/page\/2\/\"><\/div>\n\t\t\t\t<nav class=\"elementor-pagination\" aria-label=\"Pagination\">\n\t\t\t<span class=\"page-numbers prev\">Previous<\/span>\n<span aria-current=\"page\" class=\"page-numbers current\"><span class=\"elementor-screen-only\">Page<\/span>1<\/span>\n<a class=\"page-numbers\" href=\"https:\/\/vigo-avocats.com\/en\/wp-json\/wp\/v2\/pages\/18850\/page\/2\/\"><span class=\"elementor-screen-only\">Page<\/span>2<\/a>\n<a class=\"page-numbers\" href=\"https:\/\/vigo-avocats.com\/en\/wp-json\/wp\/v2\/pages\/18850\/page\/3\/\"><span class=\"elementor-screen-only\">Page<\/span>3<\/a>\n<span class=\"page-numbers dots\">&hellip;<\/span>\n<a class=\"page-numbers\" href=\"https:\/\/vigo-avocats.com\/en\/wp-json\/wp\/v2\/pages\/18850\/page\/18\/\"><span class=\"elementor-screen-only\">Page<\/span>18<\/a>\n<a class=\"page-numbers next\" href=\"https:\/\/vigo-avocats.com\/en\/wp-json\/wp\/v2\/pages\/18850\/page\/2\/\">Next<\/a>\t\t<\/nav>\n\t\t\t\t\t\t<\/div>\n\t\t\t\t<\/div>\n\t\t\t\t\t<\/div>\n\t\t<\/div>\n\t\t\t\t\t<\/div>\n\t\t<\/section>\n\t\t\t\t<\/div>\n\t\t","protected":false},"excerpt":{"rendered":"<p>Life of the vigo law office<\/p>\n","protected":false},"author":87,"featured_media":0,"parent":18842,"menu_order":0,"comment_status":"closed","ping_status":"closed","template":"","meta":{"_acf_changed":false,"footnotes":""},"coauthors":[375],"class_list":["post-18850","page","type-page","status-publish","hentry"],"acf":[],"yoast_head":"<!-- This site is optimized with the Yoast SEO plugin v26.8 - https:\/\/yoast.com\/product\/yoast-seo-wordpress\/ -->\n<title>Life of the vigo law office - Vigo<\/title>\n<meta name=\"robots\" content=\"index, follow, max-snippet:-1, max-image-preview:large, max-video-preview:-1\" \/>\n<link rel=\"canonical\" href=\"https:\/\/vigo-avocats.com\/en\/all-news\/life-of-the-vigo-law-office\/\" \/>\n<meta property=\"og:locale\" content=\"en_US\" \/>\n<meta property=\"og:type\" content=\"article\" \/>\n<meta property=\"og:title\" content=\"Life of the vigo law office - Vigo\" \/>\n<meta property=\"og:description\" content=\"Life of the vigo law office\" \/>\n<meta property=\"og:url\" content=\"https:\/\/vigo-avocats.com\/en\/all-news\/life-of-the-vigo-law-office\/\" \/>\n<meta property=\"og:site_name\" content=\"Vigo\" \/>\n<meta property=\"article:modified_time\" content=\"2021-03-01T11:45:25+00:00\" \/>\n<meta name=\"twitter:label1\" content=\"Est. reading time\" \/>\n\t<meta name=\"twitter:data1\" content=\"3 minutes\" \/>\n\t<meta name=\"twitter:label2\" content=\"Written by\" \/>\n\t<meta name=\"twitter:data2\" content=\"admin_vigo\" \/>\n<script type=\"application\/ld+json\" class=\"yoast-schema-graph\">{\"@context\":\"https:\/\/schema.org\",\"@graph\":[{\"@type\":\"WebPage\",\"@id\":\"https:\/\/vigo-avocats.com\/en\/all-news\/life-of-the-vigo-law-office\/\",\"url\":\"https:\/\/vigo-avocats.com\/en\/all-news\/life-of-the-vigo-law-office\/\",\"name\":\"Life of the vigo law office - Vigo\",\"isPartOf\":{\"@id\":\"https:\/\/vigo-avocats.com\/en\/#website\"},\"datePublished\":\"2021-02-23T10:25:10+00:00\",\"dateModified\":\"2021-03-01T11:45:25+00:00\",\"breadcrumb\":{\"@id\":\"https:\/\/vigo-avocats.com\/en\/all-news\/life-of-the-vigo-law-office\/#breadcrumb\"},\"inLanguage\":\"en-US\",\"potentialAction\":[{\"@type\":\"ReadAction\",\"target\":[\"https:\/\/vigo-avocats.com\/en\/all-news\/life-of-the-vigo-law-office\/\"]}]},{\"@type\":\"BreadcrumbList\",\"@id\":\"https:\/\/vigo-avocats.com\/en\/all-news\/life-of-the-vigo-law-office\/#breadcrumb\",\"itemListElement\":[{\"@type\":\"ListItem\",\"position\":1,\"name\":\"Accueil\",\"item\":\"https:\/\/vigo-avocats.com\/en\/\"},{\"@type\":\"ListItem\",\"position\":2,\"name\":\"All news\",\"item\":\"https:\/\/vigo-avocats.com\/en\/all-news\/\"},{\"@type\":\"ListItem\",\"position\":3,\"name\":\"Life of the vigo law office\"}]},{\"@type\":\"WebSite\",\"@id\":\"https:\/\/vigo-avocats.com\/en\/#website\",\"url\":\"https:\/\/vigo-avocats.com\/en\/\",\"name\":\"Vigo\",\"description\":\"Cabinet d&#039;avocats\",\"potentialAction\":[{\"@type\":\"SearchAction\",\"target\":{\"@type\":\"EntryPoint\",\"urlTemplate\":\"https:\/\/vigo-avocats.com\/en\/?s={search_term_string}\"},\"query-input\":{\"@type\":\"PropertyValueSpecification\",\"valueRequired\":true,\"valueName\":\"search_term_string\"}}],\"inLanguage\":\"en-US\"}]}<\/script>\n<!-- \/ Yoast SEO plugin. -->","yoast_head_json":{"title":"Life of the vigo law office - Vigo","robots":{"index":"index","follow":"follow","max-snippet":"max-snippet:-1","max-image-preview":"max-image-preview:large","max-video-preview":"max-video-preview:-1"},"canonical":"https:\/\/vigo-avocats.com\/en\/all-news\/life-of-the-vigo-law-office\/","og_locale":"en_US","og_type":"article","og_title":"Life of the vigo law office - Vigo","og_description":"Life of the vigo law office","og_url":"https:\/\/vigo-avocats.com\/en\/all-news\/life-of-the-vigo-law-office\/","og_site_name":"Vigo","article_modified_time":"2021-03-01T11:45:25+00:00","twitter_misc":{"Est. reading time":"3 minutes","Written by":"admin_vigo"},"schema":{"@context":"https:\/\/schema.org","@graph":[{"@type":"WebPage","@id":"https:\/\/vigo-avocats.com\/en\/all-news\/life-of-the-vigo-law-office\/","url":"https:\/\/vigo-avocats.com\/en\/all-news\/life-of-the-vigo-law-office\/","name":"Life of the vigo law office - Vigo","isPartOf":{"@id":"https:\/\/vigo-avocats.com\/en\/#website"},"datePublished":"2021-02-23T10:25:10+00:00","dateModified":"2021-03-01T11:45:25+00:00","breadcrumb":{"@id":"https:\/\/vigo-avocats.com\/en\/all-news\/life-of-the-vigo-law-office\/#breadcrumb"},"inLanguage":"en-US","potentialAction":[{"@type":"ReadAction","target":["https:\/\/vigo-avocats.com\/en\/all-news\/life-of-the-vigo-law-office\/"]}]},{"@type":"BreadcrumbList","@id":"https:\/\/vigo-avocats.com\/en\/all-news\/life-of-the-vigo-law-office\/#breadcrumb","itemListElement":[{"@type":"ListItem","position":1,"name":"Accueil","item":"https:\/\/vigo-avocats.com\/en\/"},{"@type":"ListItem","position":2,"name":"All news","item":"https:\/\/vigo-avocats.com\/en\/all-news\/"},{"@type":"ListItem","position":3,"name":"Life of the vigo law office"}]},{"@type":"WebSite","@id":"https:\/\/vigo-avocats.com\/en\/#website","url":"https:\/\/vigo-avocats.com\/en\/","name":"Vigo","description":"Cabinet d&#039;avocats","potentialAction":[{"@type":"SearchAction","target":{"@type":"EntryPoint","urlTemplate":"https:\/\/vigo-avocats.com\/en\/?s={search_term_string}"},"query-input":{"@type":"PropertyValueSpecification","valueRequired":true,"valueName":"search_term_string"}}],"inLanguage":"en-US"}]}},"_links":{"self":[{"href":"https:\/\/vigo-avocats.com\/en\/wp-json\/wp\/v2\/pages\/18850","targetHints":{"allow":["GET"]}}],"collection":[{"href":"https:\/\/vigo-avocats.com\/en\/wp-json\/wp\/v2\/pages"}],"about":[{"href":"https:\/\/vigo-avocats.com\/en\/wp-json\/wp\/v2\/types\/page"}],"author":[{"embeddable":true,"href":"https:\/\/vigo-avocats.com\/en\/wp-json\/wp\/v2\/users\/87"}],"replies":[{"embeddable":true,"href":"https:\/\/vigo-avocats.com\/en\/wp-json\/wp\/v2\/comments?post=18850"}],"version-history":[{"count":8,"href":"https:\/\/vigo-avocats.com\/en\/wp-json\/wp\/v2\/pages\/18850\/revisions"}],"predecessor-version":[{"id":19216,"href":"https:\/\/vigo-avocats.com\/en\/wp-json\/wp\/v2\/pages\/18850\/revisions\/19216"}],"up":[{"embeddable":true,"href":"https:\/\/vigo-avocats.com\/en\/wp-json\/wp\/v2\/pages\/18842"}],"wp:attachment":[{"href":"https:\/\/vigo-avocats.com\/en\/wp-json\/wp\/v2\/media?parent=18850"}],"wp:term":[{"taxonomy":"author","embeddable":true,"href":"https:\/\/vigo-avocats.com\/en\/wp-json\/wp\/v2\/coauthors?post=18850"}],"curies":[{"name":"wp","href":"https:\/\/api.w.org\/{rel}","templated":true}]}}