{"id":18852,"date":"2021-02-23T11:26:02","date_gmt":"2021-02-23T10:26:02","guid":{"rendered":"http:\/\/vigo-avocats.com\/all-news\/vigo-and-the-press\/"},"modified":"2021-03-01T12:45:22","modified_gmt":"2021-03-01T11:45:22","slug":"vigo-and-the-press","status":"publish","type":"page","link":"https:\/\/vigo-avocats.com\/en\/all-news\/vigo-and-the-press\/","title":{"rendered":"Vigo and the press"},"content":{"rendered":"\t\t<div data-elementor-type=\"wp-page\" data-elementor-id=\"18852\" class=\"elementor elementor-18852 elementor-17212\" data-elementor-post-type=\"page\">\n\t\t\t\t\t\t<section class=\"elementor-section elementor-top-section elementor-element elementor-element-7eb7a29 elementor-section-boxed elementor-section-height-default elementor-section-height-default qodef-elementor-content-no\" data-id=\"7eb7a29\" data-element_type=\"section\">\n\t\t\t\t\t\t<div class=\"elementor-container elementor-column-gap-default\">\n\t\t\t\t\t<div class=\"elementor-column elementor-col-100 elementor-top-column elementor-element elementor-element-1b05633\" data-id=\"1b05633\" data-element_type=\"column\">\n\t\t\t<div class=\"elementor-widget-wrap elementor-element-populated\">\n\t\t\t\t\t\t<div class=\"elementor-element elementor-element-c66f13c elementor-align-left elementor-widget elementor-widget-breadcrumbs\" data-id=\"c66f13c\" data-element_type=\"widget\" data-widget_type=\"breadcrumbs.default\">\n\t\t\t\t<div class=\"elementor-widget-container\">\n\t\t\t\t\t<div id=\"breadcrumbs\"><span><span><a href=\"https:\/\/vigo-avocats.com\/en\/\">Accueil<\/a><\/span><\/span><\/div>\t\t\t\t<\/div>\n\t\t\t\t<\/div>\n\t\t\t\t\t<\/div>\n\t\t<\/div>\n\t\t\t\t\t<\/div>\n\t\t<\/section>\n\t\t\t\t<section class=\"elementor-section elementor-top-section elementor-element elementor-element-b8c5502 elementor-section-boxed elementor-section-height-default elementor-section-height-default qodef-elementor-content-no\" data-id=\"b8c5502\" data-element_type=\"section\">\n\t\t\t\t\t\t<div class=\"elementor-container elementor-column-gap-default\">\n\t\t\t\t\t<div class=\"elementor-column elementor-col-100 elementor-top-column elementor-element elementor-element-9105fee\" data-id=\"9105fee\" data-element_type=\"column\">\n\t\t\t<div class=\"elementor-widget-wrap elementor-element-populated\">\n\t\t\t\t\t\t<div class=\"elementor-element elementor-element-7782861 elementor-widget__width-initial elementor-widget-tablet__width-inherit elementor-widget elementor-widget-borgholm_core_section_title\" data-id=\"7782861\" data-element_type=\"widget\" data-widget_type=\"borgholm_core_section_title.default\">\n\t\t\t\t<div class=\"elementor-widget-container\">\n\t\t\t\t\t<div class=\"qodef-shortcode qodef-m  qodef-section-title qodef-alignment--left   qodef-animate-special-style\">\n\t\t\t<h1 class=\"qodef-m-title\" >\n\t\t\t\t\tVigo <span class=\"qodef-special-style\">and<\/span> <span class=\"qodef-special-style\">the<\/span> <span class=\"qodef-special-style\">press<\/span>\t\t\t<\/h1>\n\t\t<\/div>\t\t\t\t<\/div>\n\t\t\t\t<\/div>\n\t\t\t\t\t<\/div>\n\t\t<\/div>\n\t\t\t\t\t<\/div>\n\t\t<\/section>\n\t\t\t\t<section class=\"elementor-section elementor-top-section elementor-element elementor-element-67b4246 elementor-section-boxed elementor-section-height-default elementor-section-height-default qodef-elementor-content-no\" data-id=\"67b4246\" data-element_type=\"section\">\n\t\t\t\t\t\t<div class=\"elementor-container elementor-column-gap-default\">\n\t\t\t\t\t<div class=\"elementor-column elementor-col-100 elementor-top-column elementor-element elementor-element-fd1da28\" data-id=\"fd1da28\" data-element_type=\"column\">\n\t\t\t<div class=\"elementor-widget-wrap elementor-element-populated\">\n\t\t\t\t\t\t<div class=\"elementor-element elementor-element-4f7a0f7 elementor-grid-2 elementor-grid-tablet-2 elementor-grid-mobile-1 elementor-posts--thumbnail-top elementor-widget elementor-widget-posts\" data-id=\"4f7a0f7\" data-element_type=\"widget\" data-settings=\"{&quot;classic_columns&quot;:&quot;2&quot;,&quot;pagination_type&quot;:&quot;numbers_and_prev_next&quot;,&quot;classic_row_gap&quot;:{&quot;unit&quot;:&quot;px&quot;,&quot;size&quot;:60,&quot;sizes&quot;:[]},&quot;classic_columns_tablet&quot;:&quot;2&quot;,&quot;classic_columns_mobile&quot;:&quot;1&quot;,&quot;classic_row_gap_tablet&quot;:{&quot;unit&quot;:&quot;px&quot;,&quot;size&quot;:&quot;&quot;,&quot;sizes&quot;:[]},&quot;classic_row_gap_mobile&quot;:{&quot;unit&quot;:&quot;px&quot;,&quot;size&quot;:&quot;&quot;,&quot;sizes&quot;:[]}}\" data-widget_type=\"posts.classic\">\n\t\t\t\t<div class=\"elementor-widget-container\">\n\t\t\t\t\t\t\t<div class=\"elementor-posts-container elementor-posts elementor-posts--skin-classic elementor-grid\" role=\"list\">\n\t\t\t\t<article class=\"elementor-post elementor-grid-item post-31633 vigo-and-press type-vigo-and-press status-publish hentry\" role=\"listitem\">\n\t\t\t\t<div class=\"elementor-post__text\">\n\t\t\t\t<h2 class=\"elementor-post__title\">\n\t\t\t<a href=\"https:\/\/vigo-avocats.com\/en\/vigo-and-press\/emmanuel-daoud-fait-partie-du-top-20-des-avocats-a-suivre-sur-linkedin-lja-magazine\/\" >\n\t\t\t\tEmmanuel Daoud fait partie du top 20 des avocats \u00e0 suivre sur Linkedin LJA Magazine\t\t\t<\/a>\n\t\t<\/h2>\n\t\t\t\t<div class=\"elementor-post__meta-data\">\n\t\t\t\t\t<span class=\"elementor-post-date\">\n\t\t\t15 December 2023\t\t<\/span>\n\t\t\t\t<\/div>\n\t\t\n\t\t<a class=\"elementor-post__read-more\" href=\"https:\/\/vigo-avocats.com\/en\/vigo-and-press\/emmanuel-daoud-fait-partie-du-top-20-des-avocats-a-suivre-sur-linkedin-lja-magazine\/\" aria-label=\"Read more about Emmanuel Daoud fait partie du top 20 des avocats \u00e0 suivre sur Linkedin LJA Magazine\" tabindex=\"-1\" >\n\t\t\tMore info\t\t<\/a>\n\n\t\t\t\t<\/div>\n\t\t\t\t<\/article>\n\t\t\t\t<article class=\"elementor-post elementor-grid-item post-30113 vigo-and-press type-vigo-and-press status-publish hentry\" role=\"listitem\">\n\t\t\t\t<div class=\"elementor-post__text\">\n\t\t\t\t<h2 class=\"elementor-post__title\">\n\t\t\t<a href=\"https:\/\/vigo-avocats.com\/en\/vigo-and-press\/france-info-trois-banques-francaises-sommees-darreter-de-financer-lindustrie-du-charbon\/\" >\n\t\t\t\tFrance info : trois banques fran\u00e7aises somm\u00e9es d\u2019arr\u00eater de financer l\u2019industrie du charbon\t\t\t<\/a>\n\t\t<\/h2>\n\t\t\t\t<div class=\"elementor-post__meta-data\">\n\t\t\t\t\t<span class=\"elementor-post-date\">\n\t\t\t25 May 2023\t\t<\/span>\n\t\t\t\t<\/div>\n\t\t\n\t\t<a class=\"elementor-post__read-more\" href=\"https:\/\/vigo-avocats.com\/en\/vigo-and-press\/france-info-trois-banques-francaises-sommees-darreter-de-financer-lindustrie-du-charbon\/\" aria-label=\"Read more about France info : trois banques fran\u00e7aises somm\u00e9es d\u2019arr\u00eater de financer l\u2019industrie du charbon\" tabindex=\"-1\" >\n\t\t\tMore info\t\t<\/a>\n\n\t\t\t\t<\/div>\n\t\t\t\t<\/article>\n\t\t\t\t<article class=\"elementor-post elementor-grid-item post-29170 vigo-and-press type-vigo-and-press status-publish hentry\" role=\"listitem\">\n\t\t\t\t<div class=\"elementor-post__text\">\n\t\t\t\t<h2 class=\"elementor-post__title\">\n\t\t\t<a href=\"https:\/\/vigo-avocats.com\/en\/vigo-and-press\/candidature-demmanuel-mercnier-aux-elections-du-conseil-de-lordre-2022\/\" >\n\t\t\t\tCandidature d&#8217;Emmanuel Mercinier-Pantalacci aux \u00e9lections du Conseil de l\u2019ordre 2022\t\t\t<\/a>\n\t\t<\/h2>\n\t\t\t\t<div class=\"elementor-post__meta-data\">\n\t\t\t\t\t<span class=\"elementor-post-date\">\n\t\t\t7 November 2022\t\t<\/span>\n\t\t\t\t<\/div>\n\t\t\n\t\t<a class=\"elementor-post__read-more\" href=\"https:\/\/vigo-avocats.com\/en\/vigo-and-press\/candidature-demmanuel-mercnier-aux-elections-du-conseil-de-lordre-2022\/\" aria-label=\"Read more about Candidature d&#8217;Emmanuel Mercinier-Pantalacci aux \u00e9lections du Conseil de l\u2019ordre 2022\" tabindex=\"-1\" >\n\t\t\tMore info\t\t<\/a>\n\n\t\t\t\t<\/div>\n\t\t\t\t<\/article>\n\t\t\t\t<article class=\"elementor-post elementor-grid-item post-28243 vigo-and-press type-vigo-and-press status-publish hentry\" role=\"listitem\">\n\t\t\t\t<div class=\"elementor-post__text\">\n\t\t\t\t<h2 class=\"elementor-post__title\">\n\t\t\t<a href=\"https:\/\/vigo-avocats.com\/en\/vigo-and-press\/village-de-la-justice-interview-de-julie-ferrari-la-rse-levier-strategique-des-cabinets-davocats\/\" >\n\t\t\t\tVillage de la justice : Interview de Julie Ferrari : la RSE, levier strat\u00e9gique des cabinets d&#8217;avocats\t\t\t<\/a>\n\t\t<\/h2>\n\t\t\t\t<div class=\"elementor-post__meta-data\">\n\t\t\t\t\t<span class=\"elementor-post-date\">\n\t\t\t10 May 2022\t\t<\/span>\n\t\t\t\t<\/div>\n\t\t\n\t\t<a class=\"elementor-post__read-more\" href=\"https:\/\/vigo-avocats.com\/en\/vigo-and-press\/village-de-la-justice-interview-de-julie-ferrari-la-rse-levier-strategique-des-cabinets-davocats\/\" aria-label=\"Read more about Village de la justice : Interview de Julie Ferrari : la RSE, levier strat\u00e9gique des cabinets d&#8217;avocats\" tabindex=\"-1\" >\n\t\t\tMore info\t\t<\/a>\n\n\t\t\t\t<\/div>\n\t\t\t\t<\/article>\n\t\t\t\t<article class=\"elementor-post elementor-grid-item post-26928 vigo-and-press type-vigo-and-press status-publish hentry\" role=\"listitem\">\n\t\t\t\t<div class=\"elementor-post__text\">\n\t\t\t\t<h2 class=\"elementor-post__title\">\n\t\t\t<a href=\"https:\/\/vigo-avocats.com\/en\/vigo-and-press\/decideurs-magazine-data-legal-drive-et-vigo-creent-un-logiciel-de-conformite-anticorruption\/\" >\n\t\t\t\tD\u00e9cideurs magazine : Data Legal Drive et Vigo cr\u00e9ent un logiciel de conformit\u00e9 anticorruption\t\t\t<\/a>\n\t\t<\/h2>\n\t\t\t\t<div class=\"elementor-post__meta-data\">\n\t\t\t\t\t<span class=\"elementor-post-date\">\n\t\t\t17 December 2021\t\t<\/span>\n\t\t\t\t<\/div>\n\t\t\n\t\t<a class=\"elementor-post__read-more\" href=\"https:\/\/vigo-avocats.com\/en\/vigo-and-press\/decideurs-magazine-data-legal-drive-et-vigo-creent-un-logiciel-de-conformite-anticorruption\/\" aria-label=\"Read more about D\u00e9cideurs magazine : Data Legal Drive et Vigo cr\u00e9ent un logiciel de conformit\u00e9 anticorruption\" tabindex=\"-1\" >\n\t\t\tMore info\t\t<\/a>\n\n\t\t\t\t<\/div>\n\t\t\t\t<\/article>\n\t\t\t\t<article class=\"elementor-post elementor-grid-item post-24775 vigo-and-press type-vigo-and-press status-publish hentry\" role=\"listitem\">\n\t\t\t\t<div class=\"elementor-post__text\">\n\t\t\t\t<h2 class=\"elementor-post__title\">\n\t\t\t<a href=\"https:\/\/vigo-avocats.com\/en\/vigo-and-press\/dalloz-actualites-responsabilite-sociale-et-environnementale-les-avocats-ont-aussi-un-role-a-jouer\/\" >\n\t\t\t\tDalloz actualit\u00e9s : responsabilit\u00e9 sociale et environnementale, les avocats ont aussi un r\u00f4le \u00e0 jouer\t\t\t<\/a>\n\t\t<\/h2>\n\t\t\t\t<div class=\"elementor-post__meta-data\">\n\t\t\t\t\t<span class=\"elementor-post-date\">\n\t\t\t18 November 2021\t\t<\/span>\n\t\t\t\t<\/div>\n\t\t\n\t\t<a class=\"elementor-post__read-more\" href=\"https:\/\/vigo-avocats.com\/en\/vigo-and-press\/dalloz-actualites-responsabilite-sociale-et-environnementale-les-avocats-ont-aussi-un-role-a-jouer\/\" aria-label=\"Read more about Dalloz actualit\u00e9s : responsabilit\u00e9 sociale et environnementale, les avocats ont aussi un r\u00f4le \u00e0 jouer\" tabindex=\"-1\" >\n\t\t\tMore info\t\t<\/a>\n\n\t\t\t\t<\/div>\n\t\t\t\t<\/article>\n\t\t\t\t<article class=\"elementor-post elementor-grid-item post-24374 vigo-and-press type-vigo-and-press status-publish hentry\" role=\"listitem\">\n\t\t\t\t<div class=\"elementor-post__text\">\n\t\t\t\t<h2 class=\"elementor-post__title\">\n\t\t\t<a href=\"https:\/\/vigo-avocats.com\/en\/vigo-and-press\/midi-libre-herault-lors-dune-battue-le-chasseur-avait-tire-dans-la-chambre-dun-enfant-de-9-ans\/\" >\n\t\t\t\tMidi libre : H\u00e9rault : lors d&#8217;une battue, le chasseur avait tir\u00e9 dans la chambre d\u2019un enfant de 9 ans\t\t\t<\/a>\n\t\t<\/h2>\n\t\t\t\t<div class=\"elementor-post__meta-data\">\n\t\t\t\t\t<span class=\"elementor-post-date\">\n\t\t\t3 November 2021\t\t<\/span>\n\t\t\t\t<\/div>\n\t\t\n\t\t<a class=\"elementor-post__read-more\" href=\"https:\/\/vigo-avocats.com\/en\/vigo-and-press\/midi-libre-herault-lors-dune-battue-le-chasseur-avait-tire-dans-la-chambre-dun-enfant-de-9-ans\/\" aria-label=\"Read more about Midi libre : H\u00e9rault : lors d&#8217;une battue, le chasseur avait tir\u00e9 dans la chambre d\u2019un enfant de 9 ans\" tabindex=\"-1\" >\n\t\t\tMore info\t\t<\/a>\n\n\t\t\t\t<\/div>\n\t\t\t\t<\/article>\n\t\t\t\t<article class=\"elementor-post elementor-grid-item post-24200 vigo-and-press type-vigo-and-press status-publish hentry\" role=\"listitem\">\n\t\t\t\t<div class=\"elementor-post__text\">\n\t\t\t\t<h2 class=\"elementor-post__title\">\n\t\t\t<a href=\"https:\/\/vigo-avocats.com\/en\/vigo-and-press\/les-echos-le-grand-defi-du-deploiement-des-bornes-de-recharge-pour-vehicules-electriques\/\" >\n\t\t\t\tLes Echos : le grand d\u00e9fi du d\u00e9ploiement des bornes de recharge pour v\u00e9hicules \u00e9lectriques\t\t\t<\/a>\n\t\t<\/h2>\n\t\t\t\t<div class=\"elementor-post__meta-data\">\n\t\t\t\t\t<span class=\"elementor-post-date\">\n\t\t\t27 October 2021\t\t<\/span>\n\t\t\t\t<\/div>\n\t\t\n\t\t<a class=\"elementor-post__read-more\" href=\"https:\/\/vigo-avocats.com\/en\/vigo-and-press\/les-echos-le-grand-defi-du-deploiement-des-bornes-de-recharge-pour-vehicules-electriques\/\" aria-label=\"Read more about Les Echos : le grand d\u00e9fi du d\u00e9ploiement des bornes de recharge pour v\u00e9hicules \u00e9lectriques\" tabindex=\"-1\" >\n\t\t\tMore info\t\t<\/a>\n\n\t\t\t\t<\/div>\n\t\t\t\t<\/article>\n\t\t\t\t<article class=\"elementor-post elementor-grid-item post-24078 vigo-and-press type-vigo-and-press status-publish hentry\" role=\"listitem\">\n\t\t\t\t<div class=\"elementor-post__text\">\n\t\t\t\t<h2 class=\"elementor-post__title\">\n\t\t\t<a href=\"https:\/\/vigo-avocats.com\/en\/vigo-and-press\/deuxieme-audience-de-laffaire-du-siecle-letat-bientot-contraint-a-agir-pour-le-climat\/\" >\n\t\t\t\tDeuxi\u00e8me audience de l&#8217;Affaire du Si\u00e8cle : l\u2019Etat bient\u00f4t contraint \u00e0 agir pour le climat ?\t\t\t<\/a>\n\t\t<\/h2>\n\t\t\t\t<div class=\"elementor-post__meta-data\">\n\t\t\t\t\t<span class=\"elementor-post-date\">\n\t\t\t13 October 2021\t\t<\/span>\n\t\t\t\t<\/div>\n\t\t\n\t\t<a class=\"elementor-post__read-more\" href=\"https:\/\/vigo-avocats.com\/en\/vigo-and-press\/deuxieme-audience-de-laffaire-du-siecle-letat-bientot-contraint-a-agir-pour-le-climat\/\" aria-label=\"Read more about Deuxi\u00e8me audience de l&#8217;Affaire du Si\u00e8cle : l\u2019Etat bient\u00f4t contraint \u00e0 agir pour le climat ?\" tabindex=\"-1\" >\n\t\t\tMore info\t\t<\/a>\n\n\t\t\t\t<\/div>\n\t\t\t\t<\/article>\n\t\t\t\t<article class=\"elementor-post elementor-grid-item post-22997 vigo-and-press type-vigo-and-press status-publish hentry\" role=\"listitem\">\n\t\t\t\t<div class=\"elementor-post__text\">\n\t\t\t\t<h2 class=\"elementor-post__title\">\n\t\t\t<a href=\"https:\/\/vigo-avocats.com\/en\/vigo-and-press\/le-groupe-afd-partenaire-dune-caraibe-100-renouvelable\/\" >\n\t\t\t\tLe groupe AFD partenaire d&#8217;une Cara\u00efbe 100 % renouvelable\t\t\t<\/a>\n\t\t<\/h2>\n\t\t\t\t<div class=\"elementor-post__meta-data\">\n\t\t\t\t\t<span class=\"elementor-post-date\">\n\t\t\t19 July 2021\t\t<\/span>\n\t\t\t\t<\/div>\n\t\t\n\t\t<a class=\"elementor-post__read-more\" href=\"https:\/\/vigo-avocats.com\/en\/vigo-and-press\/le-groupe-afd-partenaire-dune-caraibe-100-renouvelable\/\" aria-label=\"Read more about Le groupe AFD partenaire d&#8217;une Cara\u00efbe 100 % renouvelable\" tabindex=\"-1\" >\n\t\t\tMore info\t\t<\/a>\n\n\t\t\t\t<\/div>\n\t\t\t\t<\/article>\n\t\t\t\t<\/div>\n\t\t\n\t\t\t\t<div class=\"e-load-more-anchor\" data-page=\"1\" data-max-page=\"21\" data-next-page=\"https:\/\/vigo-avocats.com\/en\/wp-json\/wp\/v2\/pages\/18852\/page\/2\/\"><\/div>\n\t\t\t\t<nav class=\"elementor-pagination\" aria-label=\"Pagination\">\n\t\t\t<span class=\"page-numbers prev\">Previous<\/span>\n<span aria-current=\"page\" class=\"page-numbers current\"><span class=\"elementor-screen-only\">Page<\/span>1<\/span>\n<a class=\"page-numbers\" href=\"https:\/\/vigo-avocats.com\/en\/wp-json\/wp\/v2\/pages\/18852\/page\/2\/\"><span class=\"elementor-screen-only\">Page<\/span>2<\/a>\n<a class=\"page-numbers\" href=\"https:\/\/vigo-avocats.com\/en\/wp-json\/wp\/v2\/pages\/18852\/page\/3\/\"><span class=\"elementor-screen-only\">Page<\/span>3<\/a>\n<span class=\"page-numbers dots\">&hellip;<\/span>\n<a class=\"page-numbers\" href=\"https:\/\/vigo-avocats.com\/en\/wp-json\/wp\/v2\/pages\/18852\/page\/21\/\"><span class=\"elementor-screen-only\">Page<\/span>21<\/a>\n<a class=\"page-numbers next\" href=\"https:\/\/vigo-avocats.com\/en\/wp-json\/wp\/v2\/pages\/18852\/page\/2\/\">Next<\/a>\t\t<\/nav>\n\t\t\t\t\t\t<\/div>\n\t\t\t\t<\/div>\n\t\t\t\t\t<\/div>\n\t\t<\/div>\n\t\t\t\t\t<\/div>\n\t\t<\/section>\n\t\t\t\t<\/div>\n\t\t","protected":false},"excerpt":{"rendered":"<p>Vigo and the press<\/p>\n","protected":false},"author":87,"featured_media":0,"parent":18842,"menu_order":0,"comment_status":"closed","ping_status":"closed","template":"","meta":{"_acf_changed":false,"footnotes":""},"coauthors":[375],"class_list":["post-18852","page","type-page","status-publish","hentry"],"acf":[],"yoast_head":"<!-- This site is optimized with the Yoast SEO plugin v26.8 - https:\/\/yoast.com\/product\/yoast-seo-wordpress\/ -->\n<title>Vigo and the press - Vigo<\/title>\n<meta name=\"robots\" content=\"index, follow, max-snippet:-1, max-image-preview:large, max-video-preview:-1\" \/>\n<link rel=\"canonical\" href=\"https:\/\/vigo-avocats.com\/en\/all-news\/vigo-and-the-press\/\" \/>\n<meta property=\"og:locale\" content=\"en_US\" \/>\n<meta property=\"og:type\" content=\"article\" \/>\n<meta property=\"og:title\" content=\"Vigo and the press - Vigo\" \/>\n<meta property=\"og:description\" content=\"Vigo and the press\" \/>\n<meta property=\"og:url\" content=\"https:\/\/vigo-avocats.com\/en\/all-news\/vigo-and-the-press\/\" \/>\n<meta property=\"og:site_name\" content=\"Vigo\" \/>\n<meta property=\"article:modified_time\" content=\"2021-03-01T11:45:22+00:00\" \/>\n<meta name=\"twitter:label1\" content=\"Est. reading time\" \/>\n\t<meta name=\"twitter:data1\" content=\"1 minute\" \/>\n\t<meta name=\"twitter:label2\" content=\"Written by\" \/>\n\t<meta name=\"twitter:data2\" content=\"admin_vigo\" \/>\n<script type=\"application\/ld+json\" class=\"yoast-schema-graph\">{\"@context\":\"https:\/\/schema.org\",\"@graph\":[{\"@type\":\"WebPage\",\"@id\":\"https:\/\/vigo-avocats.com\/en\/all-news\/vigo-and-the-press\/\",\"url\":\"https:\/\/vigo-avocats.com\/en\/all-news\/vigo-and-the-press\/\",\"name\":\"Vigo and the press - Vigo\",\"isPartOf\":{\"@id\":\"https:\/\/vigo-avocats.com\/en\/#website\"},\"datePublished\":\"2021-02-23T10:26:02+00:00\",\"dateModified\":\"2021-03-01T11:45:22+00:00\",\"breadcrumb\":{\"@id\":\"https:\/\/vigo-avocats.com\/en\/all-news\/vigo-and-the-press\/#breadcrumb\"},\"inLanguage\":\"en-US\",\"potentialAction\":[{\"@type\":\"ReadAction\",\"target\":[\"https:\/\/vigo-avocats.com\/en\/all-news\/vigo-and-the-press\/\"]}]},{\"@type\":\"BreadcrumbList\",\"@id\":\"https:\/\/vigo-avocats.com\/en\/all-news\/vigo-and-the-press\/#breadcrumb\",\"itemListElement\":[{\"@type\":\"ListItem\",\"position\":1,\"name\":\"Accueil\",\"item\":\"https:\/\/vigo-avocats.com\/en\/\"},{\"@type\":\"ListItem\",\"position\":2,\"name\":\"All news\",\"item\":\"https:\/\/vigo-avocats.com\/en\/all-news\/\"},{\"@type\":\"ListItem\",\"position\":3,\"name\":\"Vigo and the press\"}]},{\"@type\":\"WebSite\",\"@id\":\"https:\/\/vigo-avocats.com\/en\/#website\",\"url\":\"https:\/\/vigo-avocats.com\/en\/\",\"name\":\"Vigo\",\"description\":\"Cabinet d&#039;avocats\",\"potentialAction\":[{\"@type\":\"SearchAction\",\"target\":{\"@type\":\"EntryPoint\",\"urlTemplate\":\"https:\/\/vigo-avocats.com\/en\/?s={search_term_string}\"},\"query-input\":{\"@type\":\"PropertyValueSpecification\",\"valueRequired\":true,\"valueName\":\"search_term_string\"}}],\"inLanguage\":\"en-US\"}]}<\/script>\n<!-- \/ Yoast SEO plugin. -->","yoast_head_json":{"title":"Vigo and the press - Vigo","robots":{"index":"index","follow":"follow","max-snippet":"max-snippet:-1","max-image-preview":"max-image-preview:large","max-video-preview":"max-video-preview:-1"},"canonical":"https:\/\/vigo-avocats.com\/en\/all-news\/vigo-and-the-press\/","og_locale":"en_US","og_type":"article","og_title":"Vigo and the press - Vigo","og_description":"Vigo and the press","og_url":"https:\/\/vigo-avocats.com\/en\/all-news\/vigo-and-the-press\/","og_site_name":"Vigo","article_modified_time":"2021-03-01T11:45:22+00:00","twitter_misc":{"Est. reading time":"1 minute","Written by":"admin_vigo"},"schema":{"@context":"https:\/\/schema.org","@graph":[{"@type":"WebPage","@id":"https:\/\/vigo-avocats.com\/en\/all-news\/vigo-and-the-press\/","url":"https:\/\/vigo-avocats.com\/en\/all-news\/vigo-and-the-press\/","name":"Vigo and the press - Vigo","isPartOf":{"@id":"https:\/\/vigo-avocats.com\/en\/#website"},"datePublished":"2021-02-23T10:26:02+00:00","dateModified":"2021-03-01T11:45:22+00:00","breadcrumb":{"@id":"https:\/\/vigo-avocats.com\/en\/all-news\/vigo-and-the-press\/#breadcrumb"},"inLanguage":"en-US","potentialAction":[{"@type":"ReadAction","target":["https:\/\/vigo-avocats.com\/en\/all-news\/vigo-and-the-press\/"]}]},{"@type":"BreadcrumbList","@id":"https:\/\/vigo-avocats.com\/en\/all-news\/vigo-and-the-press\/#breadcrumb","itemListElement":[{"@type":"ListItem","position":1,"name":"Accueil","item":"https:\/\/vigo-avocats.com\/en\/"},{"@type":"ListItem","position":2,"name":"All news","item":"https:\/\/vigo-avocats.com\/en\/all-news\/"},{"@type":"ListItem","position":3,"name":"Vigo and the press"}]},{"@type":"WebSite","@id":"https:\/\/vigo-avocats.com\/en\/#website","url":"https:\/\/vigo-avocats.com\/en\/","name":"Vigo","description":"Cabinet d&#039;avocats","potentialAction":[{"@type":"SearchAction","target":{"@type":"EntryPoint","urlTemplate":"https:\/\/vigo-avocats.com\/en\/?s={search_term_string}"},"query-input":{"@type":"PropertyValueSpecification","valueRequired":true,"valueName":"search_term_string"}}],"inLanguage":"en-US"}]}},"_links":{"self":[{"href":"https:\/\/vigo-avocats.com\/en\/wp-json\/wp\/v2\/pages\/18852","targetHints":{"allow":["GET"]}}],"collection":[{"href":"https:\/\/vigo-avocats.com\/en\/wp-json\/wp\/v2\/pages"}],"about":[{"href":"https:\/\/vigo-avocats.com\/en\/wp-json\/wp\/v2\/types\/page"}],"author":[{"embeddable":true,"href":"https:\/\/vigo-avocats.com\/en\/wp-json\/wp\/v2\/users\/87"}],"replies":[{"embeddable":true,"href":"https:\/\/vigo-avocats.com\/en\/wp-json\/wp\/v2\/comments?post=18852"}],"version-history":[{"count":7,"href":"https:\/\/vigo-avocats.com\/en\/wp-json\/wp\/v2\/pages\/18852\/revisions"}],"predecessor-version":[{"id":19214,"href":"https:\/\/vigo-avocats.com\/en\/wp-json\/wp\/v2\/pages\/18852\/revisions\/19214"}],"up":[{"embeddable":true,"href":"https:\/\/vigo-avocats.com\/en\/wp-json\/wp\/v2\/pages\/18842"}],"wp:attachment":[{"href":"https:\/\/vigo-avocats.com\/en\/wp-json\/wp\/v2\/media?parent=18852"}],"wp:term":[{"taxonomy":"author","embeddable":true,"href":"https:\/\/vigo-avocats.com\/en\/wp-json\/wp\/v2\/coauthors?post=18852"}],"curies":[{"name":"wp","href":"https:\/\/api.w.org\/{rel}","templated":true}]}}